{"id":5526,"date":"2025-05-03T19:01:39","date_gmt":"2025-05-03T17:01:39","guid":{"rendered":"https:\/\/smconsulting.tn\/fr\/?page_id=5526"},"modified":"2025-05-17T22:33:23","modified_gmt":"2025-05-17T20:33:23","slug":"catalogue-de-formation","status":"publish","type":"page","link":"https:\/\/smconsulting.tn\/fr\/catalogue-de-formation\/","title":{"rendered":"Catalogue de formation"},"content":{"rendered":"\t\t<div data-elementor-type=\"wp-page\" data-elementor-id=\"5526\" class=\"elementor elementor-5526\">\n\t\t\t\t<div class=\"elementor-element elementor-element-5979305 e-flex e-con-boxed e-con e-parent\" data-id=\"5979305\" data-element_type=\"container\">\n\t\t\t\t\t<div class=\"e-con-inner\">\n\t\t\t\t<div class=\"elementor-element elementor-element-931ce85 elementor-widget__width-initial elementor-widget elementor-widget-text-editor\" data-id=\"931ce85\" data-element_type=\"widget\" data-widget_type=\"text-editor.default\">\n\t\t\t\t<div class=\"elementor-widget-container\">\n\t\t\t\t\t\t\t\t\t<h1 data-spm-anchor-id=\"a2ty_o01.29997173.0.i132.18bec921TcfT7l\">Notre catalogue de formation :<\/h1><h2 style=\"text-align: center;\"><span style=\"color: #1b4bde;\"><b>&#8220;Lib\u00e9rez votre potentiel, transformez votre avenir avec SM Consulting !&#8221;<\/b><\/span><\/h2><p><span style=\"font-weight: 400;\">Chez\u00a0<\/span><b>SM Consulting<\/b><span style=\"font-weight: 400;\">, nous sommes convaincus que la formation est le levier essentiel pour\u00a0<\/span><b>r\u00e9inventer les comp\u00e9tences, booster la performance et acc\u00e9l\u00e9rer la croissance<\/b><span style=\"font-weight: 400;\">. Notre\u00a0<\/span><b>catalogue de formation<\/b><span style=\"font-weight: 400;\">, riche et diversifi\u00e9, a \u00e9t\u00e9 pens\u00e9 pour s\u2019adapter aux d\u00e9fis des professionnels et des entreprises, alliant\u00a0<\/span><b>expertise m\u00e9tier, innovation p\u00e9dagogique et r\u00e9sultats concrets<\/b><span style=\"font-weight: 400;\">.<\/span><\/p><p><span style=\"font-weight: 400;\">Que vous soyez \u00e0 la recherche d\u2019une\u00a0<\/span><b>mont\u00e9e en comp\u00e9tences techniques<\/b><span style=\"font-weight: 400;\">, d\u2019une\u00a0<\/span><b>ma\u00eetrise des nouveaux outils digitaux<\/b><span style=\"font-weight: 400;\">\u00a0ou d\u2019un\u00a0<\/span><b>d\u00e9veloppement de vos soft skills<\/b><span style=\"font-weight: 400;\">, nos programmes \u2013 anim\u00e9s par\u00a0<\/span><b>des experts certifi\u00e9s<\/b><span style=\"font-weight: 400;\">\u00a0\u2013 vous accompagnent avec une approche\u00a0<\/span><b>personnalis\u00e9e, interactive et orient\u00e9e solutions<\/b><span style=\"font-weight: 400;\">. Management, transformation digitale, leadership, efficacit\u00e9 professionnelle\u2026\u00a0<\/span><b>SM Consulting vous donne les cl\u00e9s pour exceller<\/b><span style=\"font-weight: 400;\">.<\/span><\/p><h2 style=\"text-align: left;\"><span style=\"color: #1b4bde;\"><b>D\u00e9couvrez d\u00e8s maintenant nos formations et passez \u00e0 l\u2019action avec SM Consulting \u2013 parce que votre r\u00e9ussite commence ici !<\/b><\/span><\/h2>\t\t\t\t\t\t\t\t<\/div>\n\t\t\t\t<\/div>\n\t\t\t\t\t<\/div>\n\t\t\t\t<\/div>\n\t\t<div class=\"elementor-element elementor-element-e2b0974 e-flex e-con-boxed e-con e-parent\" data-id=\"e2b0974\" data-element_type=\"container\">\n\t\t\t\t\t<div class=\"e-con-inner\">\n\t\t\t\t<div class=\"elementor-element elementor-element-727ea86 elementor-widget elementor-widget-ct_case_study_grid\" data-id=\"727ea86\" data-element_type=\"widget\" data-widget_type=\"ct_case_study_grid.default\">\n\t\t\t\t<div class=\"elementor-widget-container\">\n\t\t\t\t\t\r\n<div id=\"ct_case_study_grid-727ea86\" class=\"ct-grid ct-case-study-grid1\" data-layout=\"masonry\" data-start-page=\"1\" data-max-pages=\"1\" data-total=\"3\" data-perpage=\"8\" data-next-link=\"\">\r\n    <div class=\"ct-grid-overlay\"><\/div>\r\n    \r\n    <div class=\"ct-grid-inner ct-grid-masonry row animate-time\" data-gutter=\"15\">\r\n                        <div class=\"grid-item col-xl-4 col-lg-4 col-md-4 col-sm-6 col-12 management-systemes-de-management\">\r\n                    <div class=\"grid-item-inner \">\r\n\r\n                                                    <div class=\"item--featured\">\r\n                                <a href=\"https:\/\/smconsulting.tn\/fr\/case-study\/management-systemes-de-management\/\"><img fetchpriority=\"high\" decoding=\"async\" class=\"disable-lazy no-lazyload \" src=\"https:\/\/smconsulting.tn\/fr\/wp-content\/uploads\/2019\/12\/2149595844-e1746965482587-400x300.jpg\" width=\"400\" height=\"300\" alt=\"2149595844\" title=\"2149595844\" \/><\/a>\r\n                            <\/div>\r\n                                                \r\n                        <div class=\"item--holder\">\r\n                            <div class=\"item--meta\">\r\n                                                                                                    <h3 class=\"item--title\"><a href=\"https:\/\/smconsulting.tn\/fr\/case-study\/management-systemes-de-management\/\">Management &#038; Syst\u00e8mes de Management<\/a><\/h3>\r\n                                                                                                    <div class=\"item--readmore\">\r\n                                        <a href=\"https:\/\/smconsulting.tn\/fr\/case-study\/management-systemes-de-management\/\">+<\/a>\r\n                                    <\/div>\r\n                                                            <\/div>\r\n                        <\/div>\r\n\r\n                    <\/div>\r\n                <\/div>\r\n                            <div class=\"grid-item col-xl-4 col-lg-4 col-md-4 col-sm-6 col-12 formations-techniques-operationnelles\">\r\n                    <div class=\"grid-item-inner \">\r\n\r\n                                                    <div class=\"item--featured\">\r\n                                <a href=\"https:\/\/smconsulting.tn\/fr\/case-study\/formations-techniques-operationnelles\/\"><img decoding=\"async\" class=\"disable-lazy no-lazyload \" src=\"https:\/\/smconsulting.tn\/fr\/wp-content\/uploads\/2019\/12\/162-e1746965439478-400x300.jpg\" width=\"400\" height=\"300\" alt=\"162\" title=\"162\" \/><\/a>\r\n                            <\/div>\r\n                                                \r\n                        <div class=\"item--holder\">\r\n                            <div class=\"item--meta\">\r\n                                                                                                    <h3 class=\"item--title\"><a href=\"https:\/\/smconsulting.tn\/fr\/case-study\/formations-techniques-operationnelles\/\">Formations Techniques &#038; Op\u00e9rationnelles<\/a><\/h3>\r\n                                                                                                    <div class=\"item--readmore\">\r\n                                        <a href=\"https:\/\/smconsulting.tn\/fr\/case-study\/formations-techniques-operationnelles\/\">+<\/a>\r\n                                    <\/div>\r\n                                                            <\/div>\r\n                        <\/div>\r\n\r\n                    <\/div>\r\n                <\/div>\r\n                            <div class=\"grid-item col-xl-4 col-lg-4 col-md-4 col-sm-6 col-12 competences-humaines-rh-commercial-communication\">\r\n                    <div class=\"grid-item-inner \">\r\n\r\n                                                    <div class=\"item--featured\">\r\n                                <a href=\"https:\/\/smconsulting.tn\/fr\/case-study\/competences-humaines-rh-commercial-communication\/\"><img decoding=\"async\" class=\"disable-lazy no-lazyload \" src=\"https:\/\/smconsulting.tn\/fr\/wp-content\/uploads\/2019\/12\/604-e1746965361960-400x300.jpg\" width=\"400\" height=\"300\" alt=\"604\" title=\"604\" \/><\/a>\r\n                            <\/div>\r\n                                                \r\n                        <div class=\"item--holder\">\r\n                            <div class=\"item--meta\">\r\n                                                                                                    <h3 class=\"item--title\"><a href=\"https:\/\/smconsulting.tn\/fr\/case-study\/competences-humaines-rh-commercial-communication\/\">Comp\u00e9tences Humaines, RH, Commercial &#038; Communication<\/a><\/h3>\r\n                                                                                                    <div class=\"item--readmore\">\r\n                                        <a href=\"https:\/\/smconsulting.tn\/fr\/case-study\/competences-humaines-rh-commercial-communication\/\">+<\/a>\r\n                                    <\/div>\r\n                                                            <\/div>\r\n                        <\/div>\r\n\r\n                    <\/div>\r\n                <\/div>\r\n                                <div class=\"grid-sizer col-xl-4 col-lg-4 col-md-4 col-sm-6 col-12\"><\/div>\r\n            <\/div>\r\n        <\/div>\t\t\t\t<\/div>\n\t\t\t\t<\/div>\n\t\t\t\t\t<\/div>\n\t\t\t\t<\/div>\n\t\t<div class=\"elementor-element elementor-element-c782f7c e-flex e-con-boxed e-con e-parent\" data-id=\"c782f7c\" data-element_type=\"container\">\n\t\t\t\t\t<div class=\"e-con-inner\">\n\t\t<div class=\"elementor-element elementor-element-4065fee e-con-full e-flex e-con e-child\" data-id=\"4065fee\" data-element_type=\"container\">\n\t\t\t\t<div class=\"elementor-element elementor-element-bd26206 elementor-widget elementor-widget-heading\" data-id=\"bd26206\" data-element_type=\"widget\" data-widget_type=\"heading.default\">\n\t\t\t\t<div class=\"elementor-widget-container\">\n\t\t\t\t\t<h2 class=\"elementor-heading-title elementor-size-default\">Visualiser notre catalogue (cliquez)<\/h2>\t\t\t\t<\/div>\n\t\t\t\t<\/div>\n\t\t\t\t<div class=\"elementor-element elementor-element-1534029 elementor-arrows-position-inside elementor-pagination-position-outside elementor-widget elementor-widget-image-carousel\" data-id=\"1534029\" data-element_type=\"widget\" data-settings=\"{&quot;slides_to_show&quot;:&quot;1&quot;,&quot;navigation&quot;:&quot;both&quot;,&quot;effect&quot;:&quot;slide&quot;,&quot;speed&quot;:500}\" data-widget_type=\"image-carousel.default\">\n\t\t\t\t<div class=\"elementor-widget-container\">\n\t\t\t\t\t\t\t<div class=\"elementor-image-carousel-wrapper swiper\" role=\"region\" aria-roledescription=\"carousel\" aria-label=\"Carrousel d\u2019images\" dir=\"ltr\">\n\t\t\t<div class=\"elementor-image-carousel swiper-wrapper swiper-image-stretch\" aria-live=\"polite\">\n\t\t\t\t\t\t\t\t<div class=\"swiper-slide\" role=\"group\" aria-roledescription=\"slide\" aria-label=\"1 of 9\"><a data-elementor-open-lightbox=\"yes\" data-elementor-lightbox-slideshow=\"1534029\" data-elementor-lightbox-title=\"1\" data-e-action-hash=\"#elementor-action%3Aaction%3Dlightbox%26settings%3DeyJpZCI6NjM5MSwidXJsIjoiaHR0cHM6XC9cL3NtY29uc3VsdGluZy50blwvZnJcL3dwLWNvbnRlbnRcL3VwbG9hZHNcLzIwMjVcLzA1XC8xLTIucG5nIiwic2xpZGVzaG93IjoiMTUzNDAyOSJ9\" href=\"https:\/\/smconsulting.tn\/fr\/wp-content\/uploads\/2025\/05\/1-2.png\"><figure class=\"swiper-slide-inner\"><img decoding=\"async\" class=\"swiper-slide-image\" src=\"https:\/\/smconsulting.tn\/fr\/wp-content\/uploads\/2025\/05\/1-2.png\" alt=\"1\" \/><\/figure><\/a><\/div><div class=\"swiper-slide\" role=\"group\" aria-roledescription=\"slide\" aria-label=\"2 of 9\"><a data-elementor-open-lightbox=\"yes\" data-elementor-lightbox-slideshow=\"1534029\" data-elementor-lightbox-title=\"4\" data-e-action-hash=\"#elementor-action%3Aaction%3Dlightbox%26settings%3DeyJpZCI6NjM5MywidXJsIjoiaHR0cHM6XC9cL3NtY29uc3VsdGluZy50blwvZnJcL3dwLWNvbnRlbnRcL3VwbG9hZHNcLzIwMjVcLzA1XC80LnBuZyIsInNsaWRlc2hvdyI6IjE1MzQwMjkifQ%3D%3D\" href=\"https:\/\/smconsulting.tn\/fr\/wp-content\/uploads\/2025\/05\/4.png\"><figure class=\"swiper-slide-inner\"><img decoding=\"async\" class=\"swiper-slide-image\" src=\"https:\/\/smconsulting.tn\/fr\/wp-content\/uploads\/2025\/05\/4.png\" alt=\"4\" \/><\/figure><\/a><\/div><div class=\"swiper-slide\" role=\"group\" aria-roledescription=\"slide\" aria-label=\"3 of 9\"><a data-elementor-open-lightbox=\"yes\" data-elementor-lightbox-slideshow=\"1534029\" data-elementor-lightbox-title=\"6\" data-e-action-hash=\"#elementor-action%3Aaction%3Dlightbox%26settings%3DeyJpZCI6NjM5NCwidXJsIjoiaHR0cHM6XC9cL3NtY29uc3VsdGluZy50blwvZnJcL3dwLWNvbnRlbnRcL3VwbG9hZHNcLzIwMjVcLzA1XC82LnBuZyIsInNsaWRlc2hvdyI6IjE1MzQwMjkifQ%3D%3D\" href=\"https:\/\/smconsulting.tn\/fr\/wp-content\/uploads\/2025\/05\/6.png\"><figure class=\"swiper-slide-inner\"><img decoding=\"async\" class=\"swiper-slide-image\" src=\"https:\/\/smconsulting.tn\/fr\/wp-content\/uploads\/2025\/05\/6.png\" alt=\"6\" \/><\/figure><\/a><\/div><div class=\"swiper-slide\" role=\"group\" aria-roledescription=\"slide\" aria-label=\"4 of 9\"><a data-elementor-open-lightbox=\"yes\" data-elementor-lightbox-slideshow=\"1534029\" data-elementor-lightbox-title=\"7\" data-e-action-hash=\"#elementor-action%3Aaction%3Dlightbox%26settings%3DeyJpZCI6NjM5NSwidXJsIjoiaHR0cHM6XC9cL3NtY29uc3VsdGluZy50blwvZnJcL3dwLWNvbnRlbnRcL3VwbG9hZHNcLzIwMjVcLzA1XC83LnBuZyIsInNsaWRlc2hvdyI6IjE1MzQwMjkifQ%3D%3D\" href=\"https:\/\/smconsulting.tn\/fr\/wp-content\/uploads\/2025\/05\/7.png\"><figure class=\"swiper-slide-inner\"><img decoding=\"async\" class=\"swiper-slide-image\" src=\"https:\/\/smconsulting.tn\/fr\/wp-content\/uploads\/2025\/05\/7.png\" alt=\"7\" \/><\/figure><\/a><\/div><div class=\"swiper-slide\" role=\"group\" aria-roledescription=\"slide\" aria-label=\"5 of 9\"><a data-elementor-open-lightbox=\"yes\" data-elementor-lightbox-slideshow=\"1534029\" data-elementor-lightbox-title=\"8\" data-e-action-hash=\"#elementor-action%3Aaction%3Dlightbox%26settings%3DeyJpZCI6NjM5NiwidXJsIjoiaHR0cHM6XC9cL3NtY29uc3VsdGluZy50blwvZnJcL3dwLWNvbnRlbnRcL3VwbG9hZHNcLzIwMjVcLzA1XC84LnBuZyIsInNsaWRlc2hvdyI6IjE1MzQwMjkifQ%3D%3D\" href=\"https:\/\/smconsulting.tn\/fr\/wp-content\/uploads\/2025\/05\/8.png\"><figure class=\"swiper-slide-inner\"><img decoding=\"async\" class=\"swiper-slide-image\" src=\"https:\/\/smconsulting.tn\/fr\/wp-content\/uploads\/2025\/05\/8.png\" alt=\"8\" \/><\/figure><\/a><\/div><div class=\"swiper-slide\" role=\"group\" aria-roledescription=\"slide\" aria-label=\"6 of 9\"><a data-elementor-open-lightbox=\"yes\" data-elementor-lightbox-slideshow=\"1534029\" data-elementor-lightbox-title=\"9\" data-e-action-hash=\"#elementor-action%3Aaction%3Dlightbox%26settings%3DeyJpZCI6NjM5NywidXJsIjoiaHR0cHM6XC9cL3NtY29uc3VsdGluZy50blwvZnJcL3dwLWNvbnRlbnRcL3VwbG9hZHNcLzIwMjVcLzA1XC85LnBuZyIsInNsaWRlc2hvdyI6IjE1MzQwMjkifQ%3D%3D\" href=\"https:\/\/smconsulting.tn\/fr\/wp-content\/uploads\/2025\/05\/9.png\"><figure class=\"swiper-slide-inner\"><img decoding=\"async\" class=\"swiper-slide-image\" src=\"https:\/\/smconsulting.tn\/fr\/wp-content\/uploads\/2025\/05\/9.png\" alt=\"9\" \/><\/figure><\/a><\/div><div class=\"swiper-slide\" role=\"group\" aria-roledescription=\"slide\" aria-label=\"7 of 9\"><a data-elementor-open-lightbox=\"yes\" data-elementor-lightbox-slideshow=\"1534029\" data-elementor-lightbox-title=\"10\" data-e-action-hash=\"#elementor-action%3Aaction%3Dlightbox%26settings%3DeyJpZCI6NjM5OCwidXJsIjoiaHR0cHM6XC9cL3NtY29uc3VsdGluZy50blwvZnJcL3dwLWNvbnRlbnRcL3VwbG9hZHNcLzIwMjVcLzA1XC8xMC5wbmciLCJzbGlkZXNob3ciOiIxNTM0MDI5In0%3D\" href=\"https:\/\/smconsulting.tn\/fr\/wp-content\/uploads\/2025\/05\/10.png\"><figure class=\"swiper-slide-inner\"><img decoding=\"async\" class=\"swiper-slide-image\" src=\"https:\/\/smconsulting.tn\/fr\/wp-content\/uploads\/2025\/05\/10.png\" alt=\"10\" \/><\/figure><\/a><\/div><div class=\"swiper-slide\" role=\"group\" aria-roledescription=\"slide\" aria-label=\"8 of 9\"><a data-elementor-open-lightbox=\"yes\" data-elementor-lightbox-slideshow=\"1534029\" data-elementor-lightbox-title=\"11\" data-e-action-hash=\"#elementor-action%3Aaction%3Dlightbox%26settings%3DeyJpZCI6NjM5OSwidXJsIjoiaHR0cHM6XC9cL3NtY29uc3VsdGluZy50blwvZnJcL3dwLWNvbnRlbnRcL3VwbG9hZHNcLzIwMjVcLzA1XC8xMS5wbmciLCJzbGlkZXNob3ciOiIxNTM0MDI5In0%3D\" href=\"https:\/\/smconsulting.tn\/fr\/wp-content\/uploads\/2025\/05\/11.png\"><figure class=\"swiper-slide-inner\"><img decoding=\"async\" class=\"swiper-slide-image\" src=\"https:\/\/smconsulting.tn\/fr\/wp-content\/uploads\/2025\/05\/11.png\" alt=\"11\" \/><\/figure><\/a><\/div><div class=\"swiper-slide\" role=\"group\" aria-roledescription=\"slide\" aria-label=\"9 of 9\"><a data-elementor-open-lightbox=\"yes\" data-elementor-lightbox-slideshow=\"1534029\" data-elementor-lightbox-title=\"12\" data-e-action-hash=\"#elementor-action%3Aaction%3Dlightbox%26settings%3DeyJpZCI6NjQwMCwidXJsIjoiaHR0cHM6XC9cL3NtY29uc3VsdGluZy50blwvZnJcL3dwLWNvbnRlbnRcL3VwbG9hZHNcLzIwMjVcLzA1XC8xMi5wbmciLCJzbGlkZXNob3ciOiIxNTM0MDI5In0%3D\" href=\"https:\/\/smconsulting.tn\/fr\/wp-content\/uploads\/2025\/05\/12.png\"><figure class=\"swiper-slide-inner\"><img decoding=\"async\" class=\"swiper-slide-image\" src=\"https:\/\/smconsulting.tn\/fr\/wp-content\/uploads\/2025\/05\/12.png\" alt=\"12\" \/><\/figure><\/a><\/div>\t\t\t<\/div>\n\t\t\t\t\t\t\t\t\t\t\t\t<div class=\"elementor-swiper-button elementor-swiper-button-prev\" role=\"button\" tabindex=\"0\">\n\t\t\t\t\t\t<i aria-hidden=\"true\" class=\"eicon-chevron-left\"><\/i>\t\t\t\t\t<\/div>\n\t\t\t\t\t<div class=\"elementor-swiper-button elementor-swiper-button-next\" role=\"button\" tabindex=\"0\">\n\t\t\t\t\t\t<i aria-hidden=\"true\" class=\"eicon-chevron-right\"><\/i>\t\t\t\t\t<\/div>\n\t\t\t\t\n\t\t\t\t\t\t\t\t\t<div class=\"swiper-pagination\"><\/div>\n\t\t\t\t\t\t\t\t\t<\/div>\n\t\t\t\t\t\t<\/div>\n\t\t\t\t<\/div>\n\t\t\t\t<\/div>\n\t\t<div class=\"elementor-element elementor-element-6587bdc e-con-full e-flex e-con e-child\" data-id=\"6587bdc\" data-element_type=\"container\">\n\t\t\t\t<div class=\"elementor-element elementor-element-e67aa44 elementor-widget elementor-widget-heading\" data-id=\"e67aa44\" data-element_type=\"widget\" data-widget_type=\"heading.default\">\n\t\t\t\t<div class=\"elementor-widget-container\">\n\t\t\t\t\t<h2 class=\"elementor-heading-title elementor-size-default\">Demander une version pdf<\/h2>\t\t\t\t<\/div>\n\t\t\t\t<\/div>\n\t\t\t\t<div class=\"elementor-element elementor-element-7a38554 elementor-widget__width-initial elementor-widget elementor-widget-everest-forms\" data-id=\"7a38554\" data-element_type=\"widget\" data-widget_type=\"everest-forms.default\">\n\t\t\t\t<div class=\"elementor-widget-container\">\n\t\t\t\t\t\t\t\t<div class=\"everest-forms\"><div class=\"evf-container default\" id=\"evf-6451\"><form id=\"evf-form-6451\" class=\"everest-form\" data-formid=\"6451\" data-ajax_submission=\"0\" data-keyboard_friendly_form=\"0\" method=\"post\" enctype=\"multipart\/form-data\" action=\"\/fr\/wp-json\/wp\/v2\/pages\/5526\"><div class=\"evf-field-container\"><input type=\"hidden\" id=\"_wpnonce6451\" name=\"_wpnonce6451\" value=\"32e0bdbd52\" \/><input type=\"hidden\" name=\"_wp_http_referer\" value=\"\/fr\/wp-json\/wp\/v2\/pages\/5526\" \/><div class=\"evf-frontend-row\" data-row=\"row_1\" conditional_rules=\"[]\"><div class=\"evf-frontend-grid evf-grid-1\" data-grid=\"grid_1\"><div id=\"evf-6451-field_4WEtRt0nJj-10-container\" class=\"evf-field evf-field-last-name form-row\" data-field-id=\"4WEtRt0nJj-10\"><label class=\"evf-field-label\" for=\"evf-6451-field_4WEtRt0nJj-10\"><span class=\"evf-label\">Nom \/ Raison sociale<\/span> <\/label><input type=\"text\" id=\"evf-6451-field_4WEtRt0nJj-10\" class=\"input-text\" name=\"everest_forms[form_fields][4WEtRt0nJj-10]\" placeholder=\"Votre nom et pr\u00e9nom ou raison social de l&#039;entreprise\" ><\/div><div id=\"evf-6451-field_CpFdRYhTQ4-4-container\" class=\"evf-field evf-field-email form-row validate-required validate-email\" data-required-field-message=\"Veuillez entrer une adresse e-mail valide.\" data-field-id=\"CpFdRYhTQ4-4\"><label class=\"evf-field-label\" for=\"evf-6451-field_CpFdRYhTQ4-4\"><span class=\"evf-label\">Email<\/span> <abbr class=\"required\" title=\"Required\">*<\/abbr><\/label><input type=\"email\" id=\"evf-6451-field_CpFdRYhTQ4-4\" class=\"input-text\" name=\"everest_forms[form_fields][CpFdRYhTQ4-4]\" placeholder=\"Email pour vous contactez\" required ><\/div><\/div><\/div><div class=\"evf-frontend-row\" data-row=\"row_3\" conditional_rules=\"[]\"><div class=\"evf-frontend-grid evf-grid-1\" data-grid=\"grid_1\"><div id=\"evf-6451-field_6hRHC3lzht-9-container\" class=\"evf-field evf-field-textarea form-row\" data-field-id=\"6hRHC3lzht-9\"><label class=\"evf-field-label\" for=\"evf-6451-field_6hRHC3lzht-9\"><span class=\"evf-label\">Message<\/span> <\/label><textarea id=\"evf-6451-field_6hRHC3lzht-9\" class=\"input-text\" name=\"everest_forms[form_fields][6hRHC3lzht-9]\" placeholder=\"Exprimez votre besoin\"  ><\/textarea><\/div><\/div><\/div><\/div><div class=\"evf-honeypot-container evf-field-hp\"><label for=\"evf-6451-field-hp\" class=\"evf-field-label\">Message<\/label><input type=\"text\" name=\"everest_forms[hp]\" id=\"evf-6451-field-hp\" class=\"input-text\"><\/div><div class=\"evf-submit-container \" ><input type=\"hidden\" name=\"everest_forms[id]\" value=\"6451\"><input type=\"hidden\" name=\"everest_forms[author]\" value=\"1\"><button type='submit' name='everest_forms[submit]' class='everest-forms-submit-button button evf-submit ' id='evf-submit-6451' value='evf-submit' data-process-text=\"Processing\u2026\" conditional_rules='&quot;&quot;' conditional_id='evf-submit-6451'  id=\"evf-submit-6451\" aria-live=\"assertive\">Envoyer<\/button><\/div><\/form><\/div><!-- .evf-container --><\/div>\t\t\t\t\t\t<\/div>\n\t\t\t\t<\/div>\n\t\t\t\t<\/div>\n\t\t\t\t\t<\/div>\n\t\t\t\t<\/div>\n\t\t\t\t<\/div>\n\t\t","protected":false},"excerpt":{"rendered":"<p>Notre catalogue de formation : &#8220;Lib\u00e9rez votre potentiel, transformez votre avenir avec SM Consulting !&#8221; Chez\u00a0SM Consulting, nous sommes convaincus que la formation est le levier essentiel pour\u00a0r\u00e9inventer les comp\u00e9tences, booster la performance et acc\u00e9l\u00e9rer la croissance. Notre\u00a0catalogue de formation, riche et diversifi\u00e9, a \u00e9t\u00e9 pens\u00e9 pour s\u2019adapter aux d\u00e9fis des professionnels et des entreprises, [&hellip;]<\/p>\n","protected":false},"author":1,"featured_media":0,"parent":0,"menu_order":0,"comment_status":"closed","ping_status":"closed","template":"","meta":{"_seopress_robots_primary_cat":"","_seopress_titles_title":"","_seopress_titles_desc":"","_seopress_robots_index":"","footnotes":""},"class_list":["post-5526","page","type-page","status-publish","hentry"],"_links":{"self":[{"href":"https:\/\/smconsulting.tn\/fr\/wp-json\/wp\/v2\/pages\/5526","targetHints":{"allow":["GET"]}}],"collection":[{"href":"https:\/\/smconsulting.tn\/fr\/wp-json\/wp\/v2\/pages"}],"about":[{"href":"https:\/\/smconsulting.tn\/fr\/wp-json\/wp\/v2\/types\/page"}],"author":[{"embeddable":true,"href":"https:\/\/smconsulting.tn\/fr\/wp-json\/wp\/v2\/users\/1"}],"replies":[{"embeddable":true,"href":"https:\/\/smconsulting.tn\/fr\/wp-json\/wp\/v2\/comments?post=5526"}],"version-history":[{"count":92,"href":"https:\/\/smconsulting.tn\/fr\/wp-json\/wp\/v2\/pages\/5526\/revisions"}],"predecessor-version":[{"id":6858,"href":"https:\/\/smconsulting.tn\/fr\/wp-json\/wp\/v2\/pages\/5526\/revisions\/6858"}],"wp:attachment":[{"href":"https:\/\/smconsulting.tn\/fr\/wp-json\/wp\/v2\/media?parent=5526"}],"curies":[{"name":"wp","href":"https:\/\/api.w.org\/{rel}","templated":true}]}}