{"id":5530,"date":"2025-05-03T19:02:30","date_gmt":"2025-05-03T17:02:30","guid":{"rendered":"https:\/\/smconsulting.tn\/fr\/?page_id=5530"},"modified":"2025-05-17T10:38:01","modified_gmt":"2025-05-17T08:38:01","slug":"solutions-de-financement","status":"publish","type":"page","link":"https:\/\/smconsulting.tn\/fr\/solutions-de-financement\/","title":{"rendered":"Solutions de financement"},"content":{"rendered":"\t\t<div data-elementor-type=\"wp-page\" data-elementor-id=\"5530\" class=\"elementor elementor-5530\">\n\t\t\t\t<div class=\"elementor-element elementor-element-7ab30e7 e-grid e-con-boxed e-con e-parent\" data-id=\"7ab30e7\" data-element_type=\"container\">\n\t\t\t\t\t<div class=\"e-con-inner\">\n\t\t\t\t<div class=\"elementor-element elementor-element-291865d elementor-widget elementor-widget-ct_heading\" data-id=\"291865d\" data-element_type=\"widget\" data-widget_type=\"ct_heading.default\">\n\t\t\t\t<div class=\"elementor-widget-container\">\n\t\t\t\t\t<div id=\"ct_heading-291865d\" class=\"ct-heading h-align- sub-style1 ct-heading-left item-st-default\">\r\n\t<div class=\"ct-item--inner\">\r\n        <div class=\"ct-inline-css\"  data-css=\"\r\n            \">\r\n        <\/div>\r\n            \t\t<div class=\"item--sub-title style1 show-line\">\r\n                                                SM Consulting                                                            <\/div>\r\n    \t        <h1 class=\"item--title st-default case-animate-time\" data-wow-delay=\"ms\">\r\n                        <span class=\"sp-main\">\r\n                \r\n                Solutions de financement\r\n                \r\n                            <\/span>\r\n                    <\/h1>\r\n    <\/div>\r\n<\/div>\t\t\t\t<\/div>\n\t\t\t\t<\/div>\n\t\t\t\t\t<\/div>\n\t\t\t\t<\/div>\n\t\t<div class=\"elementor-element elementor-element-323ae3b e-flex e-con-boxed e-con e-parent\" data-id=\"323ae3b\" data-element_type=\"container\">\n\t\t\t\t\t<div class=\"e-con-inner\">\n\t\t\t\t<div class=\"elementor-element elementor-element-53d91e3 elementor-widget elementor-widget-text-editor\" data-id=\"53d91e3\" data-element_type=\"widget\" data-widget_type=\"text-editor.default\">\n\t\t\t\t<div class=\"elementor-widget-container\">\n\t\t\t\t\t\t\t\t\t<p style=\"text-align: justify;\">\u00a0\u00a0\u00a0 Dans un contexte \u00e9conomique en constante \u00e9volution, le d\u00e9veloppement des comp\u00e9tences des ressources humaines constitue un levier strat\u00e9gique pour renforcer la comp\u00e9titivit\u00e9 et la performance des entreprises tunisiennes. Consciente de cet enjeu, l\u2019\u00c9tat tunisien a mis en place plusieurs m\u00e9canismes de soutien financier destin\u00e9s \u00e0 encourager l\u2019investissement des entreprises dans la formation professionnelle. Ces dispositifs permettent de r\u00e9duire les charges li\u00e9es \u00e0 la formation, d\u2019am\u00e9liorer l\u2019employabilit\u00e9 des salari\u00e9s, et de favoriser l\u2019adaptation aux mutations du march\u00e9 du travail.\u00a0<\/p><p style=\"text-align: justify;\">\u00a0\u00a0\u00a0\u00a0 Dans ce cadre, certaines solutions de financement sont g\u00e9r\u00e9es en collaboration avec le <strong>Centre National de Formation Continue et de Promotion Professionnelle<\/strong> (CNFCPP), tandis que d\u2019autres sont directement trait\u00e9es avec l\u2019<strong>Agence Nationale de l\u2019Emploi et du Travail Ind\u00e9pendant<\/strong> (ANETI). Les solutions suivantes offrent aux entreprises diff\u00e9rents moyens de financer leurs actions de formation, en fonction de leur profil fiscal, de leur secteur d\u2019activit\u00e9, ou encore de leur strat\u00e9gie de d\u00e9veloppement.<\/p>\t\t\t\t\t\t\t\t<\/div>\n\t\t\t\t<\/div>\n\t\t\t\t\t<\/div>\n\t\t\t\t<\/div>\n\t\t        <section class=\"elementor-section elementor-top-section elementor-element elementor-element-46da77d elementor-section-boxed elementor-section-height-default elementor-section-height-default ct-header-fixed-none ct-row-max-none\" data-id=\"46da77d\" data-element_type=\"section\">\n            \n                        <div class=\"elementor-container elementor-column-gap-extended \">\n                    <div class=\"elementor-column elementor-col-100 elementor-top-column elementor-element elementor-element-e404683\" data-id=\"e404683\" data-element_type=\"column\">\n        <div class=\"elementor-widget-wrap elementor-element-populated\">\n                    \n        \t\t<div class=\"elementor-element elementor-element-502229e elementor-widget elementor-widget-ct_blog_carousel\" data-id=\"502229e\" data-element_type=\"widget\" data-widget_type=\"ct_blog_carousel.default\">\n\t\t\t\t<div class=\"elementor-widget-container\">\n\t\t\t\t\t\r\n<div id=\"ct_blog_carousel-502229e\" class=\"ct-blog-carousel-layout1 ct-slick-slider style3 \">\r\n    <div class=\"ct-carousel-inner\">\r\n        <div class=\"ct-slick-carousel\" data-arrows=\"\" data-dots=\"true\" data-pauseOnHover=\"true\" data-autoplay=\"false\" data-autoplaySpeed=\"5000\" data-infinite=\"true\" data-speed=\"500\" data-dir=\"false\" data-colxs=\"1\" data-colsm=\"2\" data-colmd=\"2\" data-collg=\"3\" data-colxl=\"3\" data-slidesToScroll=\"3\">\r\n\r\n                    <div class=\"carousel-item slick-slide\">\r\n                <div class=\"grid-item-inner \">\r\n                                            <div class=\"entry-featured featured-default\">\r\n                            <a href=\"https:\/\/smconsulting.tn\/fr\/tfp\/\"><img fetchpriority=\"high\" decoding=\"async\" class=\"\" src=\"https:\/\/smconsulting.tn\/fr\/wp-content\/uploads\/2025\/05\/financement-de-la-formation-article48-e1747136192330.jpg\" width=\"537\" height=\"368\" alt=\"financement de la formation-article48\" title=\"financement de la formation-article48\" \/><\/a>\r\n                        <\/div>\r\n                                        <div class=\"entry-body\">\r\n                        <div class=\"entry-holder\">\r\n                                                        <h3 class=\"entry-title\"><a href=\"https:\/\/smconsulting.tn\/fr\/tfp\/\">TFP<\/a><\/h3>\r\n                                                            <div class=\"entry-readmore\">\r\n                                    <a href=\"https:\/\/smconsulting.tn\/fr\/tfp\/\">\r\n                                        Plus d&#039;infos                                        <i class=\"fac fac-angle-double-right space-left\"><\/i>\r\n                                    <\/a>\r\n                                <\/div>\r\n                                                    <\/div>\r\n                    <\/div>\r\n                <\/div>\r\n            <\/div>\r\n                    <div class=\"carousel-item slick-slide\">\r\n                <div class=\"grid-item-inner \">\r\n                                            <div class=\"entry-featured featured-default\">\r\n                            <a href=\"https:\/\/smconsulting.tn\/fr\/droit-de-tirage\/\"><img decoding=\"async\" class=\"\" src=\"https:\/\/smconsulting.tn\/fr\/wp-content\/uploads\/2025\/05\/financement-de-la-formation-tfp-e1747136092496.jpeg\" width=\"550\" height=\"400\" alt=\"financement de la formation-tfp\" title=\"financement de la formation-tfp\" \/><\/a>\r\n                        <\/div>\r\n                                        <div class=\"entry-body\">\r\n                        <div class=\"entry-holder\">\r\n                                                        <h3 class=\"entry-title\"><a href=\"https:\/\/smconsulting.tn\/fr\/droit-de-tirage\/\">Droit de tirage<\/a><\/h3>\r\n                                                            <div class=\"entry-readmore\">\r\n                                    <a href=\"https:\/\/smconsulting.tn\/fr\/droit-de-tirage\/\">\r\n                                        Plus d&#039;infos                                        <i class=\"fac fac-angle-double-right space-left\"><\/i>\r\n                                    <\/a>\r\n                                <\/div>\r\n                                                    <\/div>\r\n                    <\/div>\r\n                <\/div>\r\n            <\/div>\r\n                    <div class=\"carousel-item slick-slide\">\r\n                <div class=\"grid-item-inner \">\r\n                                            <div class=\"entry-featured featured-default\">\r\n                            <a href=\"https:\/\/smconsulting.tn\/fr\/larticle-48\/\"><img decoding=\"async\" class=\"\" src=\"https:\/\/smconsulting.tn\/fr\/wp-content\/uploads\/2025\/05\/financement-de-la-formation-droit-de-tirage-e1747135944659-600x400.jpeg\" width=\"600\" height=\"400\" alt=\"financement de la formation-droit de tirage\" title=\"financement de la formation-droit de tirage\" \/><\/a>\r\n                        <\/div>\r\n                                        <div class=\"entry-body\">\r\n                        <div class=\"entry-holder\">\r\n                                                        <h3 class=\"entry-title\"><a href=\"https:\/\/smconsulting.tn\/fr\/larticle-48\/\">L&#8217;article 48<\/a><\/h3>\r\n                                                            <div class=\"entry-readmore\">\r\n                                    <a href=\"https:\/\/smconsulting.tn\/fr\/larticle-48\/\">\r\n                                        Plus d&#039;infos                                        <i class=\"fac fac-angle-double-right space-left\"><\/i>\r\n                                    <\/a>\r\n                                <\/div>\r\n                                                    <\/div>\r\n                    <\/div>\r\n                <\/div>\r\n            <\/div>\r\n                <\/div>\r\n    <\/div>\r\n<\/div>\r\n\t\t\t\t<\/div>\n\t\t\t\t<\/div>\n\t\t            <\/div>\n        <\/div>\n                    <\/div>\n        <\/section>\n        \t\t<\/div>\n\t\t","protected":false},"excerpt":{"rendered":"<p>SM Consulting Solutions de financement \u00a0\u00a0\u00a0 Dans un contexte \u00e9conomique en constante \u00e9volution, le d\u00e9veloppement des comp\u00e9tences des ressources humaines constitue un levier strat\u00e9gique pour renforcer la comp\u00e9titivit\u00e9 et la performance des entreprises tunisiennes. Consciente de cet enjeu, l\u2019\u00c9tat tunisien a mis en place plusieurs m\u00e9canismes de soutien financier destin\u00e9s \u00e0 encourager l\u2019investissement des entreprises [&hellip;]<\/p>\n","protected":false},"author":1,"featured_media":0,"parent":0,"menu_order":0,"comment_status":"closed","ping_status":"closed","template":"","meta":{"_seopress_robots_primary_cat":"","_seopress_titles_title":"","_seopress_titles_desc":"","_seopress_robots_index":"","footnotes":""},"class_list":["post-5530","page","type-page","status-publish","hentry"],"_links":{"self":[{"href":"https:\/\/smconsulting.tn\/fr\/wp-json\/wp\/v2\/pages\/5530","targetHints":{"allow":["GET"]}}],"collection":[{"href":"https:\/\/smconsulting.tn\/fr\/wp-json\/wp\/v2\/pages"}],"about":[{"href":"https:\/\/smconsulting.tn\/fr\/wp-json\/wp\/v2\/types\/page"}],"author":[{"embeddable":true,"href":"https:\/\/smconsulting.tn\/fr\/wp-json\/wp\/v2\/users\/1"}],"replies":[{"embeddable":true,"href":"https:\/\/smconsulting.tn\/fr\/wp-json\/wp\/v2\/comments?post=5530"}],"version-history":[{"count":54,"href":"https:\/\/smconsulting.tn\/fr\/wp-json\/wp\/v2\/pages\/5530\/revisions"}],"predecessor-version":[{"id":6621,"href":"https:\/\/smconsulting.tn\/fr\/wp-json\/wp\/v2\/pages\/5530\/revisions\/6621"}],"wp:attachment":[{"href":"https:\/\/smconsulting.tn\/fr\/wp-json\/wp\/v2\/media?parent=5530"}],"curies":[{"name":"wp","href":"https:\/\/api.w.org\/{rel}","templated":true}]}}