{"id":5534,"date":"2025-05-03T19:02:53","date_gmt":"2025-05-03T17:02:53","guid":{"rendered":"https:\/\/smconsulting.tn\/fr\/?page_id=5534"},"modified":"2025-05-13T13:48:59","modified_gmt":"2025-05-13T11:48:59","slug":"modes-de-formation","status":"publish","type":"page","link":"https:\/\/smconsulting.tn\/fr\/modes-de-formation\/","title":{"rendered":"Modes de formation"},"content":{"rendered":"\t\t<div data-elementor-type=\"wp-page\" data-elementor-id=\"5534\" class=\"elementor elementor-5534\">\n\t\t\t\t<div class=\"elementor-element elementor-element-487c403 e-flex e-con-boxed e-con e-parent\" data-id=\"487c403\" data-element_type=\"container\">\n\t\t\t\t\t<div class=\"e-con-inner\">\n\t\t\t\t<div class=\"elementor-element elementor-element-4fc7c4a elementor-widget__width-initial elementor-widget elementor-widget-text-editor\" data-id=\"4fc7c4a\" data-element_type=\"widget\" data-widget_type=\"text-editor.default\">\n\t\t\t\t<div class=\"elementor-widget-container\">\n\t\t\t\t\t\t\t\t\t<h2 style=\"text-align: center;\">\u00a0Chez <b>SM CONSULTING<\/b>, nous proposons des solutions flexibles adapt\u00e9es \u00e0 tous les besoins professionnels :<\/h2>\t\t\t\t\t\t\t\t<\/div>\n\t\t\t\t<\/div>\n\t\t\t\t\t<\/div>\n\t\t\t\t<\/div>\n\t\t<div class=\"elementor-element elementor-element-08fd0da e-flex e-con-boxed e-con e-parent\" data-id=\"08fd0da\" data-element_type=\"container\">\n\t\t\t\t\t<div class=\"e-con-inner\">\n\t\t\t\t<div class=\"elementor-element elementor-element-37124a8 elementor-widget elementor-widget-ct_feature_list\" data-id=\"37124a8\" data-element_type=\"widget\" data-widget_type=\"ct_feature_list.default\">\n\t\t\t\t<div class=\"elementor-widget-container\">\n\t\t\t\t\t    <div class=\"ct-feature-list\">\r\n        <div class=\"ct-item-left\">\r\n                            <div class=\"ct-feature-item\">\r\n                    <img fetchpriority=\"high\" decoding=\"async\" width=\"512\" height=\"512\" src=\"https:\/\/smconsulting.tn\/fr\/wp-content\/uploads\/2025\/05\/advisor_9070336.png\" class=\"attachment-full\" alt=\"\" \/>                    <h4>FORMATIONS INTRA-ENTREPRISE<\/h4>\r\n                    <p>Des formations personnalis\u00e9es qui s\u2019adaptent \u00e0 vos besoins et renforcent l\u2019efficacit\u00e9 collective de vos \u00e9quipes.<\/p>\r\n                                    <\/div>\r\n                                        <div class=\"ct-feature-item\">\r\n                    <img fetchpriority=\"high\" decoding=\"async\" width=\"512\" height=\"512\" src=\"https:\/\/smconsulting.tn\/fr\/wp-content\/uploads\/2025\/05\/advisor_9070336.png\" class=\"attachment-full\" alt=\"\" \/>                    <h4>E-LEARNING<\/h4>\r\n                    <p>Une solution flexible et interactive pour d\u00e9velopper vos comp\u00e9tences \u00e0 distance, selon votre propre planning. <\/p>\r\n                                    <\/div>\r\n                    <\/div>\r\n        <div class=\"ct-item-center\">\r\n            <img decoding=\"async\" width=\"572\" height=\"567\" src=\"https:\/\/smconsulting.tn\/fr\/wp-content\/uploads\/2025\/05\/3347-e1747136828720.jpg\" class=\"attachment-full\" alt=\"\" \/>                            <div class=\"text-box\">Notre catalogue -> <a href=\"https:\/\/smconsulting.tn\/fr\/catalogue-de-formation\/\">Consultez<\/a><\/div>\r\n                    <\/div>\r\n        <div class=\"ct-item-right\">\r\n                            <div class=\"ct-feature-item\">\r\n                    <img fetchpriority=\"high\" decoding=\"async\" width=\"512\" height=\"512\" src=\"https:\/\/smconsulting.tn\/fr\/wp-content\/uploads\/2025\/05\/advisor_9070336.png\" class=\"attachment-full\" alt=\"\" \/>                    <h4>FORMATIONS INTER-ENTREPRISES<\/h4>\r\n                    <p>Des opportunit\u00e9s d\u2019apprentissage collaboratif pour \u00e9largir votre r\u00e9seau et partager des bonnes pratiques sectorielles.<\/p>\r\n                                    <\/div>\r\n                                        <div class=\"ct-feature-item\">\r\n                    <img fetchpriority=\"high\" decoding=\"async\" width=\"512\" height=\"512\" src=\"https:\/\/smconsulting.tn\/fr\/wp-content\/uploads\/2025\/05\/advisor_9070336.png\" class=\"attachment-full\" alt=\"\" \/>                    <h4>COURS DU SOIR<\/h4>\r\n                    <p>Des formations en pr\u00e9sentiel ou hybrides pens\u00e9es pour les professionnels souhaitant \u00e9voluer apr\u00e8s leur journ\u00e9e. <\/p>\r\n                                    <\/div>\r\n                    <\/div>\r\n    <\/div>\r\n\t\t\t\t<\/div>\n\t\t\t\t<\/div>\n\t\t\t\t\t<\/div>\n\t\t\t\t<\/div>\n\t\t<div class=\"elementor-element elementor-element-30f2cc7 e-flex e-con-boxed e-con e-parent\" data-id=\"30f2cc7\" data-element_type=\"container\">\n\t\t\t\t\t<div class=\"e-con-inner\">\n\t\t\t\t<div class=\"elementor-element elementor-element-85c6a47 elementor-widget elementor-widget-ct_accordion\" data-id=\"85c6a47\" data-element_type=\"widget\" data-widget_type=\"ct_accordion.default\">\n\t\t\t\t<div class=\"elementor-widget-container\">\n\t\t\t\t\t    <div id=\"ct_accordion-85c6a47\" class=\"ct-accordion layout2 \">\r\n                    <div class=\"ct-accordion-item active\">\r\n                <div class=\"ct-ac-title active\" data-target=\"#cb852b6ct_accordion-85c6a47\">\r\n                    <a class=\"ct-ac-title-text\">\r\n                        <i aria-hidden=\"true\" class=\"flaticon flaticon-court\"><\/i>                                                <span>FORMATIONS INTRA-ENTREPRISE<\/span>\r\n                    <\/a>\r\n                <\/div>\r\n                <div id=\"cb852b6ct_accordion-85c6a47\" class=\"ct-ac-content\" style=\"display:block;\"><h6><span style=\"font-weight: 400\">Des sessions sur mesure, directement au sein de votre entreprise<\/span><\/h6><p><span style=\"font-weight: 400\">Chez <strong>SM CONSULTING<\/strong>, nous vous proposons des formations intra-entreprise con\u00e7ues sp\u00e9cifiquement\u00a0<\/span><span style=\"font-weight: 400\">pour r\u00e9pondre \u00e0 vos attentes :<\/span><\/p><ul><li><span style=\"font-weight: 400\"> Adaptation compl\u00e8te \u00e0 vos besoins sp\u00e9cifiques : Chaque programme est \u00e9labor\u00e9 selon votre culture\u00a0<\/span>d\u2019entreprise, vos m\u00e9tiers, vos enjeux terrain et vos objectifs strat\u00e9giques.<\/li><li>\u00a0<span style=\"font-weight: 400\">Coh\u00e9sion et dynamique d\u2019\u00e9quipe renforc\u00e9es : En formant plusieurs collaborateurs en m\u00eame temps, vous <\/span>favorisez le travail d\u2019\u00e9quipe, l\u2019appropriation collective des connaissances et une mont\u00e9e en comp\u00e9tence harmonis\u00e9e.<\/li><li>\u00a0<span style=\"font-weight: 400\">Flexibilit\u00e9 organisationnelle : SM CONSULTING s\u2019adapte \u00e0 votre emploi du temps. Vous choisissez les <\/span>dates, les horaires et le rythme en fonction de vos contraintes internes.<\/li><li>\u00a0<span style=\"font-weight: 400\">Confidentialit\u00e9 garantie : Les \u00e9changes et \u00e9tudes de cas portent directement sur vos probl\u00e9matiques, dans <\/span>un cadre s\u00e9curis\u00e9 et confidentiel.<\/li><\/ul><\/div>\r\n            <\/div>\r\n                    <div class=\"ct-accordion-item \">\r\n                <div class=\"ct-ac-title \" data-target=\"#d5c9114ct_accordion-85c6a47\">\r\n                    <a class=\"ct-ac-title-text\">\r\n                        <i aria-hidden=\"true\" class=\"flaticonv6 flaticonv6-select\"><\/i>                                                <span>FORMATIONS INTER-ENTREPRISES<\/span>\r\n                    <\/a>\r\n                <\/div>\r\n                <div id=\"d5c9114ct_accordion-85c6a47\" class=\"ct-ac-content\"><h6><span style=\"font-weight: 400\">Un cadre stimulant et collaboratif, avec des professionnels d'autres entreprises<\/span><\/h6><p><span style=\"font-weight: 400\"><strong>SM CONSULTING<\/strong> a s\u00e9lectionn\u00e9 pour vous des formations inter-entreprises riches en \u00e9changes et en\u00a0<\/span><span style=\"font-weight: 400\">d\u00e9couvertes :<\/span><\/p><ul><li><span style=\"font-weight: 400\"> \u00c9change de bonnes pratiques : Interagissez avec des professionnels d'autres structures pour enrichir <\/span>votre vision m\u00e9tier.<\/li><li><span style=\"font-weight: 400\"> Cr\u00e9ation de r\u00e9seau professionnel : D\u00e9veloppez votre r\u00e9seau gr\u00e2ce aux temps d\u2019\u00e9change encadr\u00e9s par nos <\/span>formateurs.\u00a0<\/li><li>\u00a0<span style=\"font-weight: 400\">Ma\u00eetrise des co\u00fbts : Cette solution \u00e9conomique permet \u00e0 chaque entreprise, m\u00eame de petite taille, de <\/span>b\u00e9n\u00e9ficier d\u2019une formation de qualit\u00e9.<\/li><li>\u00a0<span style=\"font-weight: 400\">Logistique simplifi\u00e9e : SM CONSULTING organise pour vous les sessions \u00e0 des dates et lieux <\/span>pr\u00e9d\u00e9finis, dans des centres accessibles.<\/li><\/ul><\/div>\r\n            <\/div>\r\n                    <div class=\"ct-accordion-item \">\r\n                <div class=\"ct-ac-title \" data-target=\"#5ebe72act_accordion-85c6a47\">\r\n                    <a class=\"ct-ac-title-text\">\r\n                        <i aria-hidden=\"true\" class=\"fas fa-chalkboard-teacher\"><\/i>                                                <span>E-LEARNING<\/span>\r\n                    <\/a>\r\n                <\/div>\r\n                <div id=\"5ebe72act_accordion-85c6a47\" class=\"ct-ac-content\"><h6><span style=\"font-weight: 400\">Une autonomie maximale, \u00e0 votre rythme et selon vos disponibilit\u00e9s<\/span><\/h6><p><span style=\"font-weight: 400\">SM CONSULTING vous offre une solution de e-learning compl\u00e8te et flexible pour apprendre o\u00f9 vous\u00a0<\/span><span style=\"font-weight: 400\">voulez, quand vous voulez :<\/span><\/p><ul><li><span style=\"font-weight: 400\"> Formation accessible 24\/7 : Connectez-vous \u00e0 tout moment depuis n\u2019importe quel support.<\/span><\/li><li><span style=\"font-weight: 400\"> Supports interactifs et engageants : Nos modules incluent vid\u00e9os explicatives, quiz, \u00e9tudes de cas, <\/span>exercices pratiques pour favoriser un apprentissage actif.\u00a0<\/li><li>\u00a0<span style=\"font-weight: 400\">Suivi individualis\u00e9 : SM CONSULTING assure un accompagnement tout au long de votre parcours via <\/span>un tuteur ou formateur d\u00e9di\u00e9.<\/li><\/ul><ul><li>\u00a0<span style=\"font-weight: 400\">Certificat de r\u00e9ussite : \u00c0 l\u2019issue du parcours, vous recevez une attestation validant vos acquis.<\/span><\/li><li>\u00a0<span style=\"font-weight: 400\">Id\u00e9al pour les \u00e9quipes dispers\u00e9es g\u00e9ographiquement ou en t\u00e9l\u00e9travail.<\/span><\/li><\/ul><\/div>\r\n            <\/div>\r\n                    <div class=\"ct-accordion-item \">\r\n                <div class=\"ct-ac-title \" data-target=\"#69fd59cct_accordion-85c6a47\">\r\n                    <a class=\"ct-ac-title-text\">\r\n                        <i aria-hidden=\"true\" class=\"material zmdi zmdi-flare\"><\/i>                                                <span>COURS DU SOIR<\/span>\r\n                    <\/a>\r\n                <\/div>\r\n                <div id=\"69fd59cct_accordion-85c6a47\" class=\"ct-ac-content\"><h6><span style=\"font-weight: 400\">Formez-vous en dehors des heures de travail, sans impacter votre activit\u00e9 quotidienne<\/span><\/h6><p><span style=\"font-weight: 400\"><strong>SM CONSULTING<\/strong> a pens\u00e9 aux professionnels actifs avec ses cours du soir con\u00e7us pour concilier vie pro\u00a0<\/span><span style=\"font-weight: 400\">et mont\u00e9e en comp\u00e9tences :<\/span><\/p><ul><li><span style=\"font-weight: 400\"> Horaires compatibles avec une activit\u00e9 professionnelle : Les sessions ont lieu en soir\u00e9e ou le week-end, <\/span>en pr\u00e9sentiel ou en format hybride.<\/li><li>\u00a0<span style=\"font-weight: 400\">Interactions humaines riches : Vous \u00e9changez en direct avec nos formateurs exp\u00e9riment\u00e9s.<\/span><\/li><li>\u00a0<span style=\"font-weight: 400\">Ambiance motivante : Les groupes de soir sont compos\u00e9s de participants engag\u00e9s, motiv\u00e9s, dans un <\/span>environnement stimulant.<\/li><li>\u00a0<span style=\"font-weight: 400\">Approche progressive et \u00e9quilibr\u00e9e : Id\u00e9al pour apprendre \u00e0 votre rythme, sans perturber votre <\/span>organisation quotidienne.<\/li><\/ul><\/div>\r\n            <\/div>\r\n            <\/div>\r\n\t\t\t\t<\/div>\n\t\t\t\t<\/div>\n\t\t\t\t\t<\/div>\n\t\t\t\t<\/div>\n\t\t\t\t<\/div>\n\t\t","protected":false},"excerpt":{"rendered":"<p>\u00a0Chez SM CONSULTING, nous proposons des solutions flexibles adapt\u00e9es \u00e0 tous les besoins professionnels : FORMATIONS INTRA-ENTREPRISE Des formations personnalis\u00e9es qui s\u2019adaptent \u00e0 vos besoins et renforcent l\u2019efficacit\u00e9 collective de vos \u00e9quipes. E-LEARNING Une solution flexible et interactive pour d\u00e9velopper vos comp\u00e9tences \u00e0 distance, selon votre propre planning. Notre catalogue -> Consultez FORMATIONS INTER-ENTREPRISES Des [&hellip;]<\/p>\n","protected":false},"author":1,"featured_media":0,"parent":0,"menu_order":0,"comment_status":"closed","ping_status":"closed","template":"","meta":{"_seopress_robots_primary_cat":"","_seopress_titles_title":"","_seopress_titles_desc":"","_seopress_robots_index":"","footnotes":""},"class_list":["post-5534","page","type-page","status-publish","hentry"],"_links":{"self":[{"href":"https:\/\/smconsulting.tn\/fr\/wp-json\/wp\/v2\/pages\/5534","targetHints":{"allow":["GET"]}}],"collection":[{"href":"https:\/\/smconsulting.tn\/fr\/wp-json\/wp\/v2\/pages"}],"about":[{"href":"https:\/\/smconsulting.tn\/fr\/wp-json\/wp\/v2\/types\/page"}],"author":[{"embeddable":true,"href":"https:\/\/smconsulting.tn\/fr\/wp-json\/wp\/v2\/users\/1"}],"replies":[{"embeddable":true,"href":"https:\/\/smconsulting.tn\/fr\/wp-json\/wp\/v2\/comments?post=5534"}],"version-history":[{"count":101,"href":"https:\/\/smconsulting.tn\/fr\/wp-json\/wp\/v2\/pages\/5534\/revisions"}],"predecessor-version":[{"id":6594,"href":"https:\/\/smconsulting.tn\/fr\/wp-json\/wp\/v2\/pages\/5534\/revisions\/6594"}],"wp:attachment":[{"href":"https:\/\/smconsulting.tn\/fr\/wp-json\/wp\/v2\/media?parent=5534"}],"curies":[{"name":"wp","href":"https:\/\/api.w.org\/{rel}","templated":true}]}}