{"id":5538,"date":"2025-05-03T19:03:26","date_gmt":"2025-05-03T17:03:26","guid":{"rendered":"https:\/\/smconsulting.tn\/fr\/?page_id=5538"},"modified":"2025-05-17T10:32:28","modified_gmt":"2025-05-17T08:32:28","slug":"demander-une-formation","status":"publish","type":"page","link":"https:\/\/smconsulting.tn\/fr\/demander-une-formation\/","title":{"rendered":"Demander une formation"},"content":{"rendered":"\t\t<div data-elementor-type=\"wp-page\" data-elementor-id=\"5538\" class=\"elementor elementor-5538\">\n\t\t\t\t<div class=\"elementor-element elementor-element-b0a9c78 e-flex e-con-boxed e-con e-parent\" data-id=\"b0a9c78\" data-element_type=\"container\">\n\t\t\t\t\t<div class=\"e-con-inner\">\n\t\t\t\t<div class=\"elementor-element elementor-element-d9394f7 elementor-widget elementor-widget-heading\" data-id=\"d9394f7\" data-element_type=\"widget\" data-widget_type=\"heading.default\">\n\t\t\t\t<div class=\"elementor-widget-container\">\n\t\t\t\t\t<h5 class=\"elementor-heading-title elementor-size-default\">Demander un devis pour une formation<\/h5>\t\t\t\t<\/div>\n\t\t\t\t<\/div>\n\t\t\t\t<div class=\"elementor-element elementor-element-cfc1f87 elementor-invisible elementor-widget elementor-widget-text-editor\" data-id=\"cfc1f87\" data-element_type=\"widget\" data-settings=\"{&quot;_animation&quot;:&quot;slideInLeft&quot;}\" data-widget_type=\"text-editor.default\">\n\t\t\t\t<div class=\"elementor-widget-container\">\n\t\t\t\t\t\t\t\t\t<h3><b>&#8220;Une formation sur mesure, con\u00e7ue pour vos ambitions !&#8221;<\/b><\/h3><p><span style=\"font-weight: 400;\">Chez\u00a0<\/span><b>SM Consulting<\/b><span style=\"font-weight: 400;\">, nous savons que chaque entreprise et chaque professionnel a des besoins uniques. Vous souhaitez\u00a0<\/span><b>d\u00e9velopper une comp\u00e9tence pr\u00e9cise, adapter une formation \u00e0 vos \u00e9quipes ou cr\u00e9er un programme sur mesure<\/b><span style=\"font-weight: 400;\">\u00a0? Notre \u00e9quipe d&#8217;experts se mobilise pour vous proposer\u00a0<\/span><b>des solutions adapt\u00e9es \u00e0 vos enjeux, votre secteur et vos objectifs<\/b><span style=\"font-weight: 400;\">.<\/span><\/p><p><span style=\"font-weight: 400;\">Remplissez notre\u00a0<\/span><b>formulaire de demande<\/b><span style=\"font-weight: 400;\">\u00a0ou contactez-nous directement pour \u00e9changer sur vos attentes. Nous \u00e9tudierons votre projet avec soin et vous proposerons <\/span><b>un parcours de formation personnalis\u00e9, flexible et ax\u00e9 sur les r\u00e9sultats<\/b><span style=\"font-weight: 400;\">.<\/span><\/p><p><b>Parce que votre r\u00e9ussite m\u00e9rite une approche 100% sur mesure, faites-nous part de vos besoins d\u00e8s aujourd\u2019hui !<\/b><\/p>\t\t\t\t\t\t\t\t<\/div>\n\t\t\t\t<\/div>\n\t\t\t\t\t<\/div>\n\t\t\t\t<\/div>\n\t\t<div class=\"elementor-element elementor-element-d409b87 e-flex e-con-boxed e-con e-parent\" data-id=\"d409b87\" data-element_type=\"container\">\n\t\t\t\t\t<div class=\"e-con-inner\">\n\t\t<div class=\"elementor-element elementor-element-1376c89 e-con-full e-flex e-con e-child\" data-id=\"1376c89\" data-element_type=\"container\">\n\t\t\t\t<div class=\"elementor-element elementor-element-ae31358 elementor-widget elementor-widget-shortcode\" data-id=\"ae31358\" data-element_type=\"widget\" data-widget_type=\"shortcode.default\">\n\t\t\t\t<div class=\"elementor-widget-container\">\n\t\t\t\t\t\t\t<div class=\"elementor-shortcode\"><div class=\"everest-forms\"><div class=\"evf-container default\" id=\"evf-5577\"><form id=\"evf-form-5577\" class=\"everest-form\" data-formid=\"5577\" data-ajax_submission=\"0\" data-keyboard_friendly_form=\"0\" method=\"post\" enctype=\"multipart\/form-data\" action=\"\/fr\/wp-json\/wp\/v2\/pages\/5538\"><div class=\"evf-field-container\"><input type=\"hidden\" id=\"_wpnonce5577\" name=\"_wpnonce5577\" value=\"32e0bdbd52\" \/><input type=\"hidden\" name=\"_wp_http_referer\" value=\"\/fr\/wp-json\/wp\/v2\/pages\/5538\" \/><div class=\"evf-frontend-row\" data-row=\"row_1\" conditional_rules=\"[]\"><div class=\"evf-frontend-grid evf-grid-1\" data-grid=\"grid_1\"><div id=\"evf-5577-field_4WEtRt0nJj-10-container\" class=\"evf-field evf-field-last-name form-row\" data-field-id=\"4WEtRt0nJj-10\"><label class=\"evf-field-label\" for=\"evf-5577-field_4WEtRt0nJj-10\"><span class=\"evf-label\">Nom \/ Raison sociale<\/span> <\/label><input type=\"text\" id=\"evf-5577-field_4WEtRt0nJj-10\" class=\"input-text\" name=\"everest_forms[form_fields][4WEtRt0nJj-10]\" ><\/div><div id=\"evf-5577-field_CpFdRYhTQ4-4-container\" class=\"evf-field evf-field-email form-row validate-required validate-email\" data-required-field-message=\"Veuillez entrer une adresse e-mail valide.\" data-field-id=\"CpFdRYhTQ4-4\"><label class=\"evf-field-label\" for=\"evf-5577-field_CpFdRYhTQ4-4\"><span class=\"evf-label\">Email<\/span> <abbr class=\"required\" title=\"Required\">*<\/abbr><\/label><input type=\"email\" id=\"evf-5577-field_CpFdRYhTQ4-4\" class=\"input-text\" name=\"everest_forms[form_fields][CpFdRYhTQ4-4]\" required ><\/div><div id=\"evf-5577-field_dVXZsSUKPY-5-container\" class=\"evf-field evf-field-select form-row\" data-field-id=\"dVXZsSUKPY-5\"><label class=\"evf-field-label\" for=\"evf-5577-field_dVXZsSUKPY-5\"><span class=\"evf-label\">Type de formation<\/span> <\/label><select id=\"evf-5577-field_dVXZsSUKPY-5\" class=\"input-text\" name=\"everest_forms[form_fields][dVXZsSUKPY-5]\" ><option value=\"Formation inter-entreprise\" >Formation inter-entreprise<\/option><option value=\"Formation intra-entreprise\" >Formation intra-entreprise<\/option><option value=\"Formation certifiante\" >Formation certifiante<\/option><option value=\"Formation sur-mesure\" >Formation sur-mesure<\/option><\/select><\/div><\/div><\/div><div class=\"evf-frontend-row\" data-row=\"row_3\" conditional_rules=\"[]\"><div class=\"evf-frontend-grid evf-grid-1\" data-grid=\"grid_1\"><div id=\"evf-5577-field_6hRHC3lzht-9-container\" class=\"evf-field evf-field-textarea form-row\" data-field-id=\"6hRHC3lzht-9\"><label class=\"evf-field-label\" for=\"evf-5577-field_6hRHC3lzht-9\"><span class=\"evf-label\">Description<\/span> <\/label><textarea id=\"evf-5577-field_6hRHC3lzht-9\" class=\"input-text\" name=\"everest_forms[form_fields][6hRHC3lzht-9]\" placeholder=\"Description de votre besoin\"  ><\/textarea><\/div><\/div><\/div><\/div><div class=\"evf-honeypot-container evf-field-hp\"><label for=\"evf-5577-field-hp\" class=\"evf-field-label\">Message<\/label><input type=\"text\" name=\"everest_forms[hp]\" id=\"evf-5577-field-hp\" class=\"input-text\"><\/div><div class=\"evf-submit-container \" ><input type=\"hidden\" name=\"everest_forms[id]\" value=\"5577\"><input type=\"hidden\" name=\"everest_forms[author]\" value=\"1\"><button type='submit' name='everest_forms[submit]' class='everest-forms-submit-button button evf-submit ' id='evf-submit-5577' value='evf-submit' data-process-text=\"en cours ...\" conditional_rules='&quot;&quot;' conditional_id='evf-submit-5577'  id=\"evf-submit-5577\" aria-live=\"assertive\">envoyer<\/button><\/div><\/form><\/div><!-- .evf-container --><\/div><\/div>\n\t\t\t\t\t\t<\/div>\n\t\t\t\t<\/div>\n\t\t\t\t<\/div>\n\t\t<div class=\"elementor-element elementor-element-f9e8d47 e-con-full e-flex e-con e-child\" data-id=\"f9e8d47\" data-element_type=\"container\">\n\t\t\t\t<div class=\"elementor-element elementor-element-63fc22a elementor-widget elementor-widget-ct_accordion\" data-id=\"63fc22a\" data-element_type=\"widget\" data-widget_type=\"ct_accordion.default\">\n\t\t\t\t<div class=\"elementor-widget-container\">\n\t\t\t\t\t    <div id=\"ct_accordion-63fc22a\" class=\"ct-accordion layout1 style1 \">\r\n                    <div class=\"ct-accordion-item active\">\r\n                <div class=\"ct-ac-title active\" data-target=\"#ed0efdact_accordion-63fc22a\">\r\n                    <a class=\"ct-ac-title-text\">\r\n                                                                        Formation intra-entreprise                        <i class=\"ct-icon-accordion\"><\/i>\r\n                    <\/a>\r\n                <\/div>\r\n                <div id=\"ed0efdact_accordion-63fc22a\" class=\"ct-ac-content\" style=\"display:block;\"><p><span style=\"font-weight: 400\">\u2192\u00a0<\/span><b>Sur mesure<\/b><span style=\"font-weight: 400\">, directement dans vos locaux<\/span><span style=\"font-weight: 400\"><br \/><\/span><span style=\"font-weight: 400\">\u2192 Programmes adapt\u00e9s \u00e0 votre culture d\u2019entreprise et vos objectifs m\u00e9tiers<\/span><span style=\"font-weight: 400\"><br \/><\/span><span style=\"font-weight: 400\">\u2192 \u00c9quipe form\u00e9e simultan\u00e9ment pour une coh\u00e9sion renforc\u00e9e<\/span><span style=\"font-weight: 400\"><br \/><\/span><span style=\"font-weight: 400\">\u2192 Dates et horaires flexibles selon vos disponibilit\u00e9s<\/span><\/p><\/div>\r\n            <\/div>\r\n                    <div class=\"ct-accordion-item \">\r\n                <div class=\"ct-ac-title \" data-target=\"#0606af1ct_accordion-63fc22a\">\r\n                    <a class=\"ct-ac-title-text\">\r\n                                                                        Formation inter-entreprise                        <i class=\"ct-icon-accordion\"><\/i>\r\n                    <\/a>\r\n                <\/div>\r\n                <div id=\"0606af1ct_accordion-63fc22a\" class=\"ct-ac-content\"><p><span style=\"font-weight: 400\">\u2192\u00a0<\/span><b>B\u00e9n\u00e9ficiez d\u2019un cadre collaboratif<\/b><span style=\"font-weight: 400\">\u00a0avec d\u2019autres professionnels<\/span><span style=\"font-weight: 400\"><br \/><\/span><span style=\"font-weight: 400\">\u2192 \u00c9changes enrichissants et r\u00e9seautage avec des pairs<\/span><span style=\"font-weight: 400\"><br \/><\/span><span style=\"font-weight: 400\">\u2192 Co\u00fbt r\u00e9duit par participant (solution \u00e9conomique pour les petites \u00e9quipes)<\/span><span style=\"font-weight: 400\"><br \/><\/span><span style=\"font-weight: 400\">\u2192 Lieux et dates pr\u00e9d\u00e9finis pour une organisation simplifi\u00e9e<\/span><\/p><\/div>\r\n            <\/div>\r\n                    <div class=\"ct-accordion-item \">\r\n                <div class=\"ct-ac-title \" data-target=\"#369cf7bct_accordion-63fc22a\">\r\n                    <a class=\"ct-ac-title-text\">\r\n                                                                        Formation cours de soir                        <i class=\"ct-icon-accordion\"><\/i>\r\n                    <\/a>\r\n                <\/div>\r\n                <div id=\"369cf7bct_accordion-63fc22a\" class=\"ct-ac-content\"><p><span style=\"font-weight: 400\">\u2192\u00a0<\/span><b>Compatibles avec vos horaires de travail<\/b><span style=\"font-weight: 400\">\u00a0(en pr\u00e9sentiel ou hybride)<\/span><span style=\"font-weight: 400\"><br \/><\/span><span style=\"font-weight: 400\">\u2192 Interactions directes avec des formateurs experts<\/span><span style=\"font-weight: 400\"><br \/><\/span><span style=\"font-weight: 400\">\u2192 Environnement stimulant pour les profils nocturnes<\/span><span style=\"font-weight: 400\"><br \/><\/span><span style=\"font-weight: 400\">\u2192 Parfait pour monter en comp\u00e9tences sans impacter votre journ\u00e9e<\/span><\/p><\/div>\r\n            <\/div>\r\n            <\/div>\r\n    \t\t\t\t<\/div>\n\t\t\t\t<\/div>\n\t\t\t\t<\/div>\n\t\t\t\t\t<\/div>\n\t\t\t\t<\/div>\n\t\t\t\t<\/div>\n\t\t","protected":false},"excerpt":{"rendered":"<p>Demander un devis pour une formation &#8220;Une formation sur mesure, con\u00e7ue pour vos ambitions !&#8221; Chez\u00a0SM Consulting, nous savons que chaque entreprise et chaque professionnel a des besoins uniques. Vous souhaitez\u00a0d\u00e9velopper une comp\u00e9tence pr\u00e9cise, adapter une formation \u00e0 vos \u00e9quipes ou cr\u00e9er un programme sur mesure\u00a0? Notre \u00e9quipe d&#8217;experts se mobilise pour vous proposer\u00a0des solutions [&hellip;]<\/p>\n","protected":false},"author":1,"featured_media":0,"parent":0,"menu_order":0,"comment_status":"closed","ping_status":"closed","template":"","meta":{"_seopress_robots_primary_cat":"","_seopress_titles_title":"","_seopress_titles_desc":"","_seopress_robots_index":"","footnotes":""},"class_list":["post-5538","page","type-page","status-publish","hentry"],"_links":{"self":[{"href":"https:\/\/smconsulting.tn\/fr\/wp-json\/wp\/v2\/pages\/5538","targetHints":{"allow":["GET"]}}],"collection":[{"href":"https:\/\/smconsulting.tn\/fr\/wp-json\/wp\/v2\/pages"}],"about":[{"href":"https:\/\/smconsulting.tn\/fr\/wp-json\/wp\/v2\/types\/page"}],"author":[{"embeddable":true,"href":"https:\/\/smconsulting.tn\/fr\/wp-json\/wp\/v2\/users\/1"}],"replies":[{"embeddable":true,"href":"https:\/\/smconsulting.tn\/fr\/wp-json\/wp\/v2\/comments?post=5538"}],"version-history":[{"count":11,"href":"https:\/\/smconsulting.tn\/fr\/wp-json\/wp\/v2\/pages\/5538\/revisions"}],"predecessor-version":[{"id":6606,"href":"https:\/\/smconsulting.tn\/fr\/wp-json\/wp\/v2\/pages\/5538\/revisions\/6606"}],"wp:attachment":[{"href":"https:\/\/smconsulting.tn\/fr\/wp-json\/wp\/v2\/media?parent=5538"}],"curies":[{"name":"wp","href":"https:\/\/api.w.org\/{rel}","templated":true}]}}