{"id":5542,"date":"2025-05-03T19:03:50","date_gmt":"2025-05-03T17:03:50","guid":{"rendered":"https:\/\/smconsulting.tn\/fr\/?page_id=5542"},"modified":"2025-05-10T14:16:36","modified_gmt":"2025-05-10T12:16:36","slug":"espace-formateur","status":"publish","type":"page","link":"https:\/\/smconsulting.tn\/fr\/espace-formateur\/","title":{"rendered":"Espace formateur"},"content":{"rendered":"\t\t<div data-elementor-type=\"wp-page\" data-elementor-id=\"5542\" class=\"elementor elementor-5542\">\n\t\t\t\t<div class=\"elementor-element elementor-element-05a89fd e-flex e-con-boxed e-con e-parent\" data-id=\"05a89fd\" data-element_type=\"container\">\n\t\t\t\t\t<div class=\"e-con-inner\">\n\t\t\t\t<div class=\"elementor-element elementor-element-785d741 elementor-widget elementor-widget-ct_about_us\" data-id=\"785d741\" data-element_type=\"widget\" data-widget_type=\"ct_about_us.default\">\n\t\t\t\t<div class=\"elementor-widget-container\">\n\t\t\t\t\t<div class=\"ct-about-us\">\r\n\t<div class=\"ct-about-left\">\r\n\t\t\t\t\t<div class=\"ct-about-imge\"><img fetchpriority=\"high\" decoding=\"async\" class=\"\" src=\"https:\/\/smconsulting.tn\/fr\/wp-content\/uploads\/2025\/05\/formateur-sm-consulting-306x306.jpg\" width=\"306\" height=\"306\" alt=\"formateur sm consulting\" title=\"formateur sm consulting\" \/><\/div>\r\n\t\t\t<\/div>\r\n\t<div class=\"ct-about-right\">\r\n\t\t<div class=\"ct-about-holder\">\r\n\t        <div class=\"ct-about-subtitle\"><span>Espace formateur<\/span><\/div>\r\n\t        <h3 class=\"ct-about-title\">Rejoignez notre r\u00e9seau d&#039;experts formateurs<\/h3>\r\n\t        <div class=\"ct-about-desc\">\u00cates-vous passionn\u00e9 par la transmission du savoir en tant que formateur exp\u00e9riment\u00e9 ou d\u00e9butant ? SM CONSULTING vous offre l'opportunit\u00e9 de collaborer avec nous dans le cadre de missions de formation, audit et consulting.<\/div>\r\n\t        \t\t\t    <div class=\"ct-about-meta\">\r\n\t\t\t        \t\t\t            <div class=\"ct-box-item\">\r\n\t\t\t            \t<div class=\"ct-box-icon\">\r\n\t\t\t            \t\t\t\t\t\t\t                <i aria-hidden=\"true\" class=\"fas fa-star\"><\/i>\t\t\t\t                    \t\t\t\t\t            \t\t\t            \t<\/div>\r\n\t\t\t            \t<div class=\"ct-box-content\">\r\n\t\t\t            \t\t<h5 class=\"ct-box-title\"><\/h5>\r\n\t\t\t\t            \t<div class=\"ct-box-desc\">\r\n\t\t\t\t            \t\t\t\t\t\t            \t<\/div>\r\n\t\t\t\t            <\/div>\r\n\t\t\t           <\/div>\r\n\t\t\t        \t\t\t    <\/div>\r\n\t\t\t\t    <\/div>\r\n\t<\/div>\r\n<\/div>\t\t\t\t<\/div>\n\t\t\t\t<\/div>\n\t\t\t\t\t<\/div>\n\t\t\t\t<\/div>\n\t\t<div class=\"elementor-element elementor-element-1ec33c7 e-grid e-con-boxed e-con e-parent\" data-id=\"1ec33c7\" data-element_type=\"container\">\n\t\t\t\t\t<div class=\"e-con-inner\">\n\t\t\t\t<div class=\"elementor-element elementor-element-33894b5 elementor-widget elementor-widget-ct_heading\" data-id=\"33894b5\" data-element_type=\"widget\" data-widget_type=\"ct_heading.default\">\n\t\t\t\t<div class=\"elementor-widget-container\">\n\t\t\t\t\t<div id=\"ct_heading-33894b5\" class=\"ct-heading h-align- sub-style2 ct-heading-left item-st-default\">\r\n\t<div class=\"ct-item--inner\">\r\n        <div class=\"ct-inline-css\"  data-css=\"\r\n            \">\r\n        <\/div>\r\n            \t\t<div class=\"item--sub-title style2 show-line\">\r\n                                                Espace formateur                                                            <\/div>\r\n    \t        <h3 class=\"item--title st-default wow wow fadeInUp\" data-wow-delay=\"ms\">\r\n                        <span class=\"sp-main\">\r\n                \r\n                D\u00e9posez votre demande de collaboration d\u00e8s maintenant\r\n                \r\n                            <\/span>\r\n                    <\/h3>\r\n    <\/div>\r\n<\/div>\t\t\t\t<\/div>\n\t\t\t\t<\/div>\n\t\t\t\t<div class=\"elementor-element elementor-element-834338c elementor-widget elementor-widget-text-editor\" data-id=\"834338c\" data-element_type=\"widget\" data-widget_type=\"text-editor.default\">\n\t\t\t\t<div class=\"elementor-widget-container\">\n\t\t\t\t\t\t\t\t\t<p>Nous sommes en qu\u00eate de nouveaux talents pour enrichir notre r\u00e9seau. <br \/>Pour postuler, veuillez nous transmettre les documents suivants :<\/p><ul><li><strong>Votre CV actualis\u00e9 au format PDF<\/strong><\/li><li><strong>Le CV MALEK agr\u00e9\u00e9 par le CNFCPP, si disponible<\/strong><\/li><\/ul><p><em>Vous ne poss\u00e9dez pas encore de CV MALEK ? Aucun probl\u00e8me ! Nous vous accompagnons dans les d\u00e9marches pour l&#8217;obtenir. Cliquez ici pour d\u00e9couvrir la proc\u00e9dure.<\/em><\/p>\t\t\t\t\t\t\t\t<\/div>\n\t\t\t\t<\/div>\n\t\t\t\t\t<\/div>\n\t\t\t\t<\/div>\n\t\t<div class=\"elementor-element elementor-element-a4d0925 e-flex e-con-boxed e-con e-parent\" data-id=\"a4d0925\" data-element_type=\"container\">\n\t\t\t\t\t<div class=\"e-con-inner\">\n\t\t\t\t<div class=\"elementor-element elementor-element-e536828 elementor-widget elementor-widget-heading\" data-id=\"e536828\" data-element_type=\"widget\" data-widget_type=\"heading.default\">\n\t\t\t\t<div class=\"elementor-widget-container\">\n\t\t\t\t\t<h2 class=\"elementor-heading-title elementor-size-default\">Pourquoi rejoindre SM CONSULTING ?<\/h2>\t\t\t\t<\/div>\n\t\t\t\t<\/div>\n\t\t\t\t\t<\/div>\n\t\t\t\t<\/div>\n\t\t<div class=\"elementor-element elementor-element-5cb0d5c e-grid e-con-boxed e-con e-parent\" data-id=\"5cb0d5c\" data-element_type=\"container\">\n\t\t\t\t\t<div class=\"e-con-inner\">\n\t\t\t\t<div class=\"elementor-element elementor-element-803a22e elementor-view-default elementor-position-top elementor-mobile-position-top elementor-widget elementor-widget-icon-box\" data-id=\"803a22e\" data-element_type=\"widget\" data-widget_type=\"icon-box.default\">\n\t\t\t\t<div class=\"elementor-widget-container\">\n\t\t\t\t\t\t\t<div class=\"elementor-icon-box-wrapper\">\n\n\t\t\t\t\t\t<div class=\"elementor-icon-box-icon\">\n\t\t\t\t<span  class=\"elementor-icon elementor-animation-grow\">\n\t\t\t\t<i aria-hidden=\"true\" class=\"flaticon flaticon-target\"><\/i>\t\t\t\t<\/span>\n\t\t\t<\/div>\n\t\t\t\n\t\t\t\t\t\t<div class=\"elementor-icon-box-content\">\n\n\t\t\t\t\t\t\t\t\t<h3 class=\"elementor-icon-box-title\">\n\t\t\t\t\t\t<span  >\n\t\t\t\t\t\t\tOpportunit\u00e9s\t\t\t\t\t\t<\/span>\n\t\t\t\t\t<\/h3>\n\t\t\t\t\n\t\t\t\t\t\t\t\t\t<p class=\"elementor-icon-box-description\">\n\t\t\t\t\t\tEn tant que formateur chez SM CONSULTING, vous aurez l\u2019opportunit\u00e9 d\u2019intervenir sur des missions vari\u00e9es aupr\u00e8s d\u2019une client\u00e8le diversifi\u00e9e (entreprises, institutions, professionnels). Chaque mission est con\u00e7ue pour vous permettre de transmettre vos connaissances, d\u2019adapter vos m\u00e9thodes p\u00e9dagogiques et de relever de nouveaux d\u00e9fis, contribuant ainsi \u00e0 votre d\u00e9veloppement professionnel et personnel.\t\t\t\t\t<\/p>\n\t\t\t\t\n\t\t\t<\/div>\n\t\t\t\n\t\t<\/div>\n\t\t\t\t\t\t<\/div>\n\t\t\t\t<\/div>\n\t\t\t\t<div class=\"elementor-element elementor-element-9328f9d elementor-view-default elementor-position-top elementor-mobile-position-top elementor-widget elementor-widget-icon-box\" data-id=\"9328f9d\" data-element_type=\"widget\" data-widget_type=\"icon-box.default\">\n\t\t\t\t<div class=\"elementor-widget-container\">\n\t\t\t\t\t\t\t<div class=\"elementor-icon-box-wrapper\">\n\n\t\t\t\t\t\t<div class=\"elementor-icon-box-icon\">\n\t\t\t\t<span  class=\"elementor-icon\">\n\t\t\t\t<i aria-hidden=\"true\" class=\"flaticon flaticon-chart\"><\/i>\t\t\t\t<\/span>\n\t\t\t<\/div>\n\t\t\t\n\t\t\t\t\t\t<div class=\"elementor-icon-box-content\">\n\n\t\t\t\t\t\t\t\t\t<h3 class=\"elementor-icon-box-title\">\n\t\t\t\t\t\t<span  >\n\t\t\t\t\t\t\tVisibilit\u00e9\t\t\t\t\t\t<\/span>\n\t\t\t\t\t<\/h3>\n\t\t\t\t\n\t\t\t\t\t\t\t\t\t<p class=\"elementor-icon-box-description\">\n\t\t\t\t\t\tRejoindre SM CONSULTING, c\u2019est int\u00e9grer une structure reconnue pour la qualit\u00e9 de ses prestations et son expertise sur le march\u00e9 tunisien. Vous b\u00e9n\u00e9ficiez d\u2019une visibilit\u00e9 accrue aupr\u00e8s d\u2019acteurs majeurs du secteur, ce qui valorise votre profil et vous ouvre de nouvelles perspectives de collaboration et de networking.\t\t\t\t\t<\/p>\n\t\t\t\t\n\t\t\t<\/div>\n\t\t\t\n\t\t<\/div>\n\t\t\t\t\t\t<\/div>\n\t\t\t\t<\/div>\n\t\t\t\t<div class=\"elementor-element elementor-element-1d570e2 elementor-view-default elementor-position-top elementor-mobile-position-top elementor-widget elementor-widget-icon-box\" data-id=\"1d570e2\" data-element_type=\"widget\" data-widget_type=\"icon-box.default\">\n\t\t\t\t<div class=\"elementor-widget-container\">\n\t\t\t\t\t\t\t<div class=\"elementor-icon-box-wrapper\">\n\n\t\t\t\t\t\t<div class=\"elementor-icon-box-icon\">\n\t\t\t\t<span  class=\"elementor-icon\">\n\t\t\t\t<i aria-hidden=\"true\" class=\"flaticon flaticon-report\"><\/i>\t\t\t\t<\/span>\n\t\t\t<\/div>\n\t\t\t\n\t\t\t\t\t\t<div class=\"elementor-icon-box-content\">\n\n\t\t\t\t\t\t\t\t\t<h3 class=\"elementor-icon-box-title\">\n\t\t\t\t\t\t<span  >\n\t\t\t\t\t\t\tValorisation \t\t\t\t\t\t<\/span>\n\t\t\t\t\t<\/h3>\n\t\t\t\t\n\t\t\t\t\t\t\t\t\t<p class=\"elementor-icon-box-description\">\n\t\t\t\t\t\tSM CONSULTING s\u2019engage \u00e0 valoriser vos comp\u00e9tences en vous proposant des formations continues, des ateliers d\u2019\u00e9change de bonnes pratiques et un accompagnement personnalis\u00e9. Vous \u00e9voluez dans un environnement stimulant, o\u00f9 votre expertise est reconnue et encourag\u00e9e, tout en b\u00e9n\u00e9ficiant du soutien d\u2019une \u00e9quipe professionnelle et dynamique.\t\t\t\t\t<\/p>\n\t\t\t\t\n\t\t\t<\/div>\n\t\t\t\n\t\t<\/div>\n\t\t\t\t\t\t<\/div>\n\t\t\t\t<\/div>\n\t\t\t\t\t<\/div>\n\t\t\t\t<\/div>\n\t\t<div class=\"elementor-element elementor-element-e18cba8 e-flex e-con-boxed e-con e-parent\" data-id=\"e18cba8\" data-element_type=\"container\">\n\t\t\t\t\t<div class=\"e-con-inner\">\n\t\t\t\t\t<\/div>\n\t\t\t\t<\/div>\n\t\t<div class=\"elementor-element elementor-element-9f8002a e-grid e-con-boxed e-con e-parent\" data-id=\"9f8002a\" data-element_type=\"container\">\n\t\t\t\t\t<div class=\"e-con-inner\">\n\t\t\t\t<div class=\"elementor-element elementor-element-daf5353 elementor-widget elementor-widget-ct_cta\" data-id=\"daf5353\" data-element_type=\"widget\" data-widget_type=\"ct_cta.default\">\n\t\t\t\t<div class=\"elementor-widget-container\">\n\t\t\t\t\t<div class=\"ct-cta1 \">\r\n            <div class=\"item--holder\">\r\n            <span class=\"item--title\">D\u00e9posez votre CV au format PDF<\/span>\r\n            <span class=\"item--desc\">    -     Vous souhaitez collaborer avec SM CONSULTING ? Envoyez-nous votre CV au format PDF (CV commercial et\/ou CV Malek) pour une future collaboration  , Veuillez pour cela rempilr le formulaire suivant  :<\/span>\r\n        <\/div>\r\n        <\/div>\r\n\t\t\t\t<\/div>\n\t\t\t\t<\/div>\n\t\t\t\t<div class=\"elementor-element elementor-element-81b3c82 elementor-widget elementor-widget-shortcode\" data-id=\"81b3c82\" data-element_type=\"widget\" data-widget_type=\"shortcode.default\">\n\t\t\t\t<div class=\"elementor-widget-container\">\n\t\t\t\t\t\t\t<div class=\"elementor-shortcode\"><div class=\"everest-forms\"><div class=\"evf-container default\" id=\"evf-6289\"><form id=\"evf-form-6289\" class=\"everest-form\" data-formid=\"6289\" data-ajax_submission=\"1\" data-keyboard_friendly_form=\"0\" method=\"post\" enctype=\"multipart\/form-data\" action=\"\/fr\/wp-json\/wp\/v2\/pages\/5542\"><div class=\"evf-field-container\"><input type=\"hidden\" id=\"_wpnonce6289\" name=\"_wpnonce6289\" value=\"afa0f4887c\" \/><input type=\"hidden\" name=\"_wp_http_referer\" value=\"\/fr\/wp-json\/wp\/v2\/pages\/5542\" \/><div class=\"evf-frontend-row\" data-row=\"row_1\" conditional_rules=\"[]\"><div class=\"evf-frontend-grid evf-grid-1\" data-grid=\"grid_1\"><div id=\"evf-6289-field_ys0GeZISRs-1-container\" class=\"evf-field evf-field-first-name form-row validate-required\" data-required-field-message=\"Nom\" data-field-id=\"ys0GeZISRs-1\"><label class=\"evf-field-label evf-label-hide\" for=\"evf-6289-field_ys0GeZISRs-1\"><span class=\"evf-label\">Nom<\/span> <abbr class=\"required\" title=\"Required\">*<\/abbr><\/label><input type=\"text\" id=\"evf-6289-field_ys0GeZISRs-1\" class=\"input-text\" name=\"everest_forms[form_fields][ys0GeZISRs-1]\" placeholder=\"Nom et pr\u00e9nom\" required><\/div><div id=\"evf-6289-field_LbH5NxasXM-2-container\" class=\"evf-field evf-field-email form-row validate-required validate-email\" data-required-field-message=\"Veuillez entrer une adresse e-mail valide.\" data-field-id=\"LbH5NxasXM-2\"><label class=\"evf-field-label evf-label-hide\" for=\"evf-6289-field_LbH5NxasXM-2\"><span class=\"evf-label\">Email<\/span> <abbr class=\"required\" title=\"Required\">*<\/abbr><\/label><input type=\"email\" id=\"evf-6289-field_LbH5NxasXM-2\" class=\"input-text\" name=\"everest_forms[form_fields][LbH5NxasXM-2]\" placeholder=\"Email du formateur\" required ><\/div><div id=\"evf-6289-field_bOtcSbVeIY-5-container\" class=\"evf-field evf-field-file-upload form-row\" data-field-id=\"bOtcSbVeIY-5\"><label class=\"evf-field-label evf-label-hide\" for=\"evf-6289-field_bOtcSbVeIY-5\"><span class=\"evf-label\">T\u00e9l\u00e9verser votre CV<\/span> <\/label>\t\t<div class=\"everest-forms-uploader\"\n\t\t\tdata-field-id=\"bOtcSbVeIY-5\"\n\t\t\tdata-form-id=\"6289\"\n\t\t\tdata-input-name=\"everest_forms_6289_bOtcSbVeIY-5\"\n\t\t\tdata-extensions=\"jpg,jpeg,jpe,gif,png,bmp,tiff,tif,webp,avif,ico,heic,heif,heics,heifs,asf,asx,wmv,wmx,wm,avi,divx,mov,qt,mpeg,mpg,mpe,mp4,m4v,ogv,webm,mkv,3gp,3gpp,3g2,3gp2,txt,asc,c,cc,h,srt,csv,tsv,ics,rtx,css,html,vtt,dfxp,mp3,m4a,m4b,aac,ra,ram,wav,x-wav,ogg,oga,flac,mid,midi,wma,wax,mka,rtf,pdf,class,tar,zip,gz,gzip,rar,7z,psd,xcf,doc,pot,pps,ppt,wri,xla,xls,xlt,xlw,mpp,docx,docm,dotx,dotm,xlsx,xlsm,xlsb,xltx,xltm,xlam,pptx,pptm,ppsx,ppsm,potx,potm,ppam,sldx,sldm,onetoc,onetoc2,onetmp,onepkg,oxps,xps,odt,odp,ods,odg,odc,odb,odf,wp,wpd,key,numbers,pages\"\n\t\t\tdata-max-size=\"134217728\"\n\t\t\tdata-max-file-number=\"3\"\n\t\t\tdata-post-max-size=\"134217728\">\n\t\t\t<div class=\"dz-message\">\n\t\t\t\t<svg xmlns=\"http:\/\/www.w3.org\/2000\/svg\" viewBox=\"0 0 32 32\" width=\"32px\" height=\"32px\" fill=\"#868e96\"><path class=\"cls-1\" d=\"M18.12,17.52,17,16.4V25a1,1,0,0,1-2,0V16.4l-1.12,1.12a1,1,0,0,1-1.42,0,1,1,0,0,1,0-1.41l2.83-2.83a1,1,0,0,1,1.42,0l2.83,2.83a1,1,0,0,1-.71,1.7A1,1,0,0,1,18.12,17.52ZM22,22H20a1,1,0,0,1,0-2h2a4,4,0,0,0,.27-8,1,1,0,0,1-.84-.57,6,6,0,0,0-11.36,1.69,1,1,0,0,1-1,.86H9A3,3,0,0,0,9,20h3a1,1,0,0,1,0,2H9a5,5,0,0,1-.75-9.94A8,8,0,0,1,23,10.1,6,6,0,0,1,22,22Z\"\/><\/svg>\n\t\t\t\t<span class=\"everest-forms-upload-title\">\n\t\t\t\t\tD\u00e9poser votre CV et cliquer pour d\u00e9poser\t\t\t\t<\/span>\n\n\t\t\t\t\t\t\t\t\t<span class=\"everest-forms-upload-hint\">\n\t\t\t\t\t\tD\u00e9poser un ou plusieurs fichier PDF\t\t\t\t\t<\/span>\n\t\t\t\t\t\t\t<\/div>\n\t\t<\/div>\n\t\t<input type=\"text\" class=\"dropzone-input input-text\" id=\"everest-forms-6289-field_bOtcSbVeIY-5\" name=\"everest_forms_6289_bOtcSbVeIY-5\"  conditional_id=\"\" conditional_rules=''>\n\t\t<\/div><\/div><\/div><\/div><div class=\"evf-honeypot-container evf-field-hp\"><label for=\"evf-6289-field-hp\" class=\"evf-field-label\">Email<\/label><input type=\"text\" name=\"everest_forms[hp]\" id=\"evf-6289-field-hp\" class=\"input-text\"><\/div><div class=\"evf-submit-container \" ><input type=\"hidden\" name=\"everest_forms[id]\" value=\"6289\"><input type=\"hidden\" name=\"everest_forms[author]\" value=\"1\"><button type='submit' name='everest_forms[submit]' class='everest-forms-submit-button button evf-submit ' id='evf-submit-6289' value='evf-submit' data-process-text=\"Processing\u2026\" conditional_rules='&quot;&quot;' conditional_id='evf-submit-6289'  id=\"evf-submit-6289\" aria-live=\"assertive\">Envoyer<\/button><\/div><\/form><\/div><!-- .evf-container --><\/div><\/div>\n\t\t\t\t\t\t<\/div>\n\t\t\t\t<\/div>\n\t\t\t\t\t<\/div>\n\t\t\t\t<\/div>\n\t\t<div class=\"elementor-element elementor-element-bfc5a6c e-flex e-con-boxed e-con e-parent\" data-id=\"bfc5a6c\" data-element_type=\"container\">\n\t\t\t\t\t<div class=\"e-con-inner\">\n\t\t\t\t<div class=\"elementor-element elementor-element-ff87b25 elementor-widget elementor-widget-ct_cta\" data-id=\"ff87b25\" data-element_type=\"widget\" data-widget_type=\"ct_cta.default\">\n\t\t\t\t<div class=\"elementor-widget-container\">\n\t\t\t\t\t<div class=\"ct-cta1 \">\r\n            <div class=\"item--holder\">\r\n            <span class=\"item--title\">Cr\u00e9ez votre CV MALEK maintenant !<\/span>\r\n            <span class=\"item--desc\">Obtenir votre CV MALEK approuv\u00e9 par le CNFCPP pour acc\u00e9der \u00e0 de nouvelles opportunit\u00e9s de formation ? Cliquez  pour commencer votre inscription sur la plateforme MALEK :<\/span>\r\n        <\/div>\r\n                <div class=\"item--button\">\r\n            <a class=\"btn btn-default\" href=\"https:\/\/smconsulting.tn\/fr\/index.php\/cv-malek\/\">\r\n                                    <i aria-hidden=\"true\" class=\"flaticonv6 flaticonv6-web\"><\/i>                                Plus d&#039;infos sur CV Malek            <\/a>\r\n        <\/div>\r\n    <\/div>\r\n\t\t\t\t<\/div>\n\t\t\t\t<\/div>\n\t\t\t\t\t<\/div>\n\t\t\t\t<\/div>\n\t\t\t\t<\/div>\n\t\t","protected":false},"excerpt":{"rendered":"<p>Espace formateur Rejoignez notre r\u00e9seau d&#039;experts formateurs \u00cates-vous passionn\u00e9 par la transmission du savoir en tant que formateur exp\u00e9riment\u00e9 ou d\u00e9butant ? SM CONSULTING vous offre l&#8217;opportunit\u00e9 de collaborer avec nous dans le cadre de missions de formation, audit et consulting. Espace formateur D\u00e9posez votre demande de collaboration d\u00e8s maintenant Nous sommes en qu\u00eate de [&hellip;]<\/p>\n","protected":false},"author":1,"featured_media":0,"parent":0,"menu_order":0,"comment_status":"closed","ping_status":"closed","template":"","meta":{"_seopress_robots_primary_cat":"","_seopress_titles_title":"","_seopress_titles_desc":"","_seopress_robots_index":"","footnotes":""},"class_list":["post-5542","page","type-page","status-publish","hentry"],"_links":{"self":[{"href":"https:\/\/smconsulting.tn\/fr\/wp-json\/wp\/v2\/pages\/5542","targetHints":{"allow":["GET"]}}],"collection":[{"href":"https:\/\/smconsulting.tn\/fr\/wp-json\/wp\/v2\/pages"}],"about":[{"href":"https:\/\/smconsulting.tn\/fr\/wp-json\/wp\/v2\/types\/page"}],"author":[{"embeddable":true,"href":"https:\/\/smconsulting.tn\/fr\/wp-json\/wp\/v2\/users\/1"}],"replies":[{"embeddable":true,"href":"https:\/\/smconsulting.tn\/fr\/wp-json\/wp\/v2\/comments?post=5542"}],"version-history":[{"count":52,"href":"https:\/\/smconsulting.tn\/fr\/wp-json\/wp\/v2\/pages\/5542\/revisions"}],"predecessor-version":[{"id":6299,"href":"https:\/\/smconsulting.tn\/fr\/wp-json\/wp\/v2\/pages\/5542\/revisions\/6299"}],"wp:attachment":[{"href":"https:\/\/smconsulting.tn\/fr\/wp-json\/wp\/v2\/media?parent=5542"}],"curies":[{"name":"wp","href":"https:\/\/api.w.org\/{rel}","templated":true}]}}