{"id":6027,"date":"2025-05-07T12:36:29","date_gmt":"2025-05-07T10:36:29","guid":{"rendered":"https:\/\/smconsulting.tn\/fr\/?page_id=6027"},"modified":"2025-05-07T13:57:27","modified_gmt":"2025-05-07T11:57:27","slug":"cv-malek","status":"publish","type":"page","link":"https:\/\/smconsulting.tn\/fr\/cv-malek\/","title":{"rendered":"CV Malek"},"content":{"rendered":"\t\t<div data-elementor-type=\"wp-page\" data-elementor-id=\"6027\" class=\"elementor elementor-6027\">\n\t\t\t\t        <section class=\"elementor-section elementor-top-section elementor-element elementor-element-6ca14c1 elementor-section-boxed elementor-section-height-default elementor-section-height-default ct-header-fixed-none ct-row-max-none\" data-id=\"6ca14c1\" data-element_type=\"section\">\n            \n                        <div class=\"elementor-container elementor-column-gap-extended \">\n                    <div class=\"elementor-column elementor-col-100 elementor-top-column elementor-element elementor-element-516f10d\" data-id=\"516f10d\" data-element_type=\"column\">\n        <div class=\"elementor-widget-wrap elementor-element-populated\">\n                    \n                <section class=\"elementor-section elementor-inner-section elementor-element elementor-element-bb7e253 elementor-section-content-middle elementor-section-boxed elementor-section-height-default elementor-section-height-default ct-header-fixed-none ct-row-max-none\" data-id=\"bb7e253\" data-element_type=\"section\">\n            \n                        <div class=\"elementor-container elementor-column-gap-extended \">\n                    <div class=\"elementor-column elementor-col-50 elementor-inner-column elementor-element elementor-element-089cd79\" data-id=\"089cd79\" data-element_type=\"column\">\n        <div class=\"elementor-widget-wrap elementor-element-populated\">\n                    \n        \t\t<div class=\"elementor-element elementor-element-a01874a elementor-widget elementor-widget-ct_heading\" data-id=\"a01874a\" data-element_type=\"widget\" data-widget_type=\"ct_heading.default\">\n\t\t\t\t<div class=\"elementor-widget-container\">\n\t\t\t\t\t<div id=\"ct_heading-a01874a\" class=\"ct-heading h-align- sub-style2 ct-heading-left item-st-default\">\r\n\t<div class=\"ct-item--inner\">\r\n        <div class=\"ct-inline-css\"  data-css=\"\r\n            \">\r\n        <\/div>\r\n            \t\t<div class=\"item--sub-title style2 show-line\">\r\n                                                Services                                                            <\/div>\r\n    \t        <h3 class=\"item--title st-default wow wow fadeInUp\" data-wow-delay=\"ms\">\r\n                        <span class=\"sp-main\">\r\n                \r\n                Obtenir un CV MALEK agr\u00e9\u00e9 par le CNFCPP\r\n                \r\n                            <\/span>\r\n                    <\/h3>\r\n    <\/div>\r\n<\/div>\t\t\t\t<\/div>\n\t\t\t\t<\/div>\n\t\t            <\/div>\n        <\/div>\n                <div class=\"elementor-column elementor-col-50 elementor-inner-column elementor-element elementor-element-c4bdfb6\" data-id=\"c4bdfb6\" data-element_type=\"column\">\n        <div class=\"elementor-widget-wrap elementor-element-populated\">\n                    \n        \t\t<div class=\"elementor-element elementor-element-7d31a02 wow fadeInRight elementor-widget__width-initial elementor-widget elementor-widget-text-editor\" data-id=\"7d31a02\" data-element_type=\"widget\" data-widget_type=\"text-editor.default\">\n\t\t\t\t<div class=\"elementor-widget-container\">\n\t\t\t\t\t\t\t\t\t<p style=\"padding-left: 40px;\">Le CV MALEK est un document officiel d\u00e9livr\u00e9 par le Centre National de Formation Continue et de Promotion Professionnelle (CNFCPP). Il atteste de vos qualifications et de votre exp\u00e9rience en tant que formateur, et est requis pour intervenir dans des formations financ\u00e9es par des m\u00e9canismes publics tels que le cr\u00e9dit d&#8217;imp\u00f4t ou les droits de tirage.<\/p>\t\t\t\t\t\t\t\t<\/div>\n\t\t\t\t<\/div>\n\t\t            <\/div>\n        <\/div>\n                    <\/div>\n        <\/section>\n        \t\t<div class=\"elementor-element elementor-element-f57575d elementor-widget elementor-widget-text-editor\" data-id=\"f57575d\" data-element_type=\"widget\" data-widget_type=\"text-editor.default\">\n\t\t\t\t<div class=\"elementor-widget-container\">\n\t\t\t\t\t\t\t\t\t<h5>\u00c9tapes pour obtenir votre CV MALEK :<\/h5>\t\t\t\t\t\t\t\t<\/div>\n\t\t\t\t<\/div>\n\t\t\t\t<div class=\"elementor-element elementor-element-fef6dee elementor-widget elementor-widget-ct_fancy_box_grid\" data-id=\"fef6dee\" data-element_type=\"widget\" data-widget_type=\"ct_fancy_box_grid.default\">\n\t\t\t\t<div class=\"elementor-widget-container\">\n\t\t\t\t\t    <div id=\"ct_fancy_box_grid-fef6dee\" class=\"ct-grid ct-fancy-box-grid ct-fancy-box-grid2\">\r\n        <div class=\"ct-grid-inner ct-grid-masonry row\" data-gutter=\"7\">\r\n                            <div class=\"grid-item col-xl-4 col-lg-4 col-md-6 col-sm-6 col-12\">\r\n                    <div class=\"item--inner same-height\">\r\n                                                    <div class=\"item--icon\">\r\n                                <i aria-hidden=\"true\" class=\"flaticonv2 flaticonv2-edit\"><\/i>                                                            <\/div>\r\n                                                \r\n                        <h3 class=\"item--title\">    \r\n                            1-Cr\u00e9er un compte                         <\/h3>\r\n                        <div class=\"item--desc\">Rendez-vous sur malek.cnfcpp.tn et inscrivez-vous en tant que formateur pour avoir un compte sur la plateforme MALEK <\/div>\r\n                                                    <a class=\"item-link\" href=\"https:\/\/smconsulting.tn\/fr\/service\/business-strategy\/\"><\/a>\r\n                                           <\/div>\r\n                   <div class=\"item--shadow\"><\/div>\r\n                <\/div>\r\n                            <div class=\"grid-item col-xl-4 col-lg-4 col-md-6 col-sm-6 col-12\">\r\n                    <div class=\"item--inner same-height\">\r\n                                                    <div class=\"item--icon\">\r\n                                <i aria-hidden=\"true\" class=\"flaticonv2 flaticonv2-gear\"><\/i>                                                            <\/div>\r\n                                                \r\n                        <h3 class=\"item--title\">    \r\n                            2-Compl\u00e9ter votre CV                        <\/h3>\r\n                        <div class=\"item--desc\">Remplissez soigneusement toutes les sections avec vos informations personnelles, dipl\u00f4mes, exp\u00e9riences professionnelles, comp\u00e9tences, etc.<\/div>\r\n                                                    <a class=\"item-link\" href=\"https:\/\/smconsulting.tn\/fr\/service\/business-strategy\/\"><\/a>\r\n                                           <\/div>\r\n                   <div class=\"item--shadow\"><\/div>\r\n                <\/div>\r\n                            <div class=\"grid-item col-xl-4 col-lg-4 col-md-6 col-sm-6 col-12\">\r\n                    <div class=\"item--inner same-height\">\r\n                                                    <div class=\"item--icon\">\r\n                                <i aria-hidden=\"true\" class=\"flaticonv2 flaticonv2-objective\"><\/i>                                                            <\/div>\r\n                                                \r\n                        <h3 class=\"item--title\">    \r\n                            3-Pr\u00e9parer les documents                        <\/h3>\r\n                        <div class=\"item--desc\">Rassemblez une copie de votre carte d'identit\u00e9 nationale (CIN), copies conformes de vos dipl\u00f4mes, et justificatifs de vos exp\u00e9riences professionnelles.<\/div>\r\n                                                    <a class=\"item-link\" href=\"https:\/\/smconsulting.tn\/fr\/service\/business-strategy\/\"><\/a>\r\n                                           <\/div>\r\n                   <div class=\"item--shadow\"><\/div>\r\n                <\/div>\r\n                            <div class=\"grid-item col-xl-4 col-lg-4 col-md-6 col-sm-6 col-12\">\r\n                    <div class=\"item--inner same-height\">\r\n                                                    <div class=\"item--icon\">\r\n                                <i aria-hidden=\"true\" class=\"flaticonv2 flaticonv2-creative\"><\/i>                                                            <\/div>\r\n                                                \r\n                        <h3 class=\"item--title\">    \r\n                            4-Soumettre le dossier                         <\/h3>\r\n                        <div class=\"item--desc\">Soumettre votre dossier au CNFCPP : D\u00e9posez-le aupr\u00e8s du Bureau d'Ordre Central du CNFCPP.<\/div>\r\n                                                    <a class=\"item-link\" href=\"https:\/\/smconsulting.tn\/fr\/service\/business-strategy\/\"><\/a>\r\n                                           <\/div>\r\n                   <div class=\"item--shadow\"><\/div>\r\n                <\/div>\r\n                            <div class=\"grid-item col-xl-4 col-lg-4 col-md-6 col-sm-6 col-12\">\r\n                    <div class=\"item--inner same-height\">\r\n                                                    <div class=\"item--icon\">\r\n                                <i aria-hidden=\"true\" class=\"flaticonv2 flaticonv2-shield\"><\/i>                                                            <\/div>\r\n                                                \r\n                        <h3 class=\"item--title\">    \r\n                            5-Suivre la demande                        <\/h3>\r\n                        <div class=\"item--desc\">Connectez-vous r\u00e9guli\u00e8rement \u00e0 votre espace personnel sur la plateforme MALEK pour v\u00e9rifier l'avancement de votre demande.<\/div>\r\n                                                    <a class=\"item-link\" href=\"https:\/\/smconsulting.tn\/fr\/service\/business-strategy\/\"><\/a>\r\n                                           <\/div>\r\n                   <div class=\"item--shadow\"><\/div>\r\n                <\/div>\r\n                            <div class=\"grid-item col-xl-4 col-lg-4 col-md-6 col-sm-6 col-12\">\r\n                    <div class=\"item--inner same-height\">\r\n                                                    <div class=\"item--icon\">\r\n                                <i aria-hidden=\"true\" class=\"flaticonv2 flaticonv2-layers\"><\/i>                                                            <\/div>\r\n                                                \r\n                        <h3 class=\"item--title\">    \r\n                            6- T\u00e9l\u00e9charger le badge                         <\/h3>\r\n                        <div class=\"item--desc\">Une fois votre CV valid\u00e9, vous pourrez imprimer votre badge personnel directement depuis la plateforme MALEK.<\/div>\r\n                                                    <a class=\"item-link\" href=\"https:\/\/smconsulting.tn\/fr\/service\/business-strategy\/\"><\/a>\r\n                                           <\/div>\r\n                   <div class=\"item--shadow\"><\/div>\r\n                <\/div>\r\n                        <div class=\"grid-sizer col-xl-4 col-lg-4 col-md-6 col-sm-6 col-12\"><\/div>\r\n        <\/div>\r\n    <\/div>\r\n\t\t\t\t<\/div>\n\t\t\t\t<\/div>\n\t\t            <\/div>\n        <\/div>\n                    <\/div>\n        <\/section>\n                <section class=\"elementor-section elementor-top-section elementor-element elementor-element-a3cd338 elementor-section-boxed elementor-section-height-default elementor-section-height-default ct-header-fixed-none ct-row-max-none\" data-id=\"a3cd338\" data-element_type=\"section\">\n            \n                        <div class=\"elementor-container elementor-column-gap-extended \">\n                    <div class=\"elementor-column elementor-col-100 elementor-top-column elementor-element elementor-element-0a7fdf6\" data-id=\"0a7fdf6\" data-element_type=\"column\">\n        <div class=\"elementor-widget-wrap elementor-element-populated\">\n                    \n        \t\t<div class=\"elementor-element elementor-element-2ab46ae elementor-widget elementor-widget-ct_cta\" data-id=\"2ab46ae\" data-element_type=\"widget\" data-widget_type=\"ct_cta.default\">\n\t\t\t\t<div class=\"elementor-widget-container\">\n\t\t\t\t\t<div class=\"ct-cta1 \">\r\n            <div class=\"item--holder\">\r\n            <span class=\"item--title\">Cr\u00e9ez votre CV MALEK d\u00e8s maintenant !<\/span>\r\n            <span class=\"item--desc\">\u00cates-vous pr\u00eat \u00e0 obtenir votre CV MALEK approuv\u00e9 par le CNFCPP pour acc\u00e9der \u00e0 de nouvelles opportunit\u00e9s de formation ? Cliquez sur le bouton ci-dessous pour commencer votre inscription sur la plateforme MALEK :<\/span>\r\n        <\/div>\r\n                <div class=\"item--button\">\r\n            <a class=\"btn btn-white\" href=\"https:\/\/malek.cnfcpp.tn\/#\/\" target=\"_blank\">\r\n                                    <i aria-hidden=\"true\" class=\"flaticonv7 flaticonv7-globe\"><\/i>                                Cr\u00e9er votre CV MALEK            <\/a>\r\n        <\/div>\r\n    <\/div>\r\n\t\t\t\t<\/div>\n\t\t\t\t<\/div>\n\t\t            <\/div>\n        <\/div>\n                    <\/div>\n        <\/section>\n        \t\t<\/div>\n\t\t","protected":false},"excerpt":{"rendered":"<p>Services Obtenir un CV MALEK agr\u00e9\u00e9 par le CNFCPP Le CV MALEK est un document officiel d\u00e9livr\u00e9 par le Centre National de Formation Continue et de Promotion Professionnelle (CNFCPP). Il atteste de vos qualifications et de votre exp\u00e9rience en tant que formateur, et est requis pour intervenir dans des formations financ\u00e9es par des m\u00e9canismes publics [&hellip;]<\/p>\n","protected":false},"author":1,"featured_media":0,"parent":0,"menu_order":0,"comment_status":"closed","ping_status":"closed","template":"","meta":{"_seopress_robots_primary_cat":"","_seopress_titles_title":"","_seopress_titles_desc":"","_seopress_robots_index":"","footnotes":""},"class_list":["post-6027","page","type-page","status-publish","hentry"],"_links":{"self":[{"href":"https:\/\/smconsulting.tn\/fr\/wp-json\/wp\/v2\/pages\/6027","targetHints":{"allow":["GET"]}}],"collection":[{"href":"https:\/\/smconsulting.tn\/fr\/wp-json\/wp\/v2\/pages"}],"about":[{"href":"https:\/\/smconsulting.tn\/fr\/wp-json\/wp\/v2\/types\/page"}],"author":[{"embeddable":true,"href":"https:\/\/smconsulting.tn\/fr\/wp-json\/wp\/v2\/users\/1"}],"replies":[{"embeddable":true,"href":"https:\/\/smconsulting.tn\/fr\/wp-json\/wp\/v2\/comments?post=6027"}],"version-history":[{"count":13,"href":"https:\/\/smconsulting.tn\/fr\/wp-json\/wp\/v2\/pages\/6027\/revisions"}],"predecessor-version":[{"id":6064,"href":"https:\/\/smconsulting.tn\/fr\/wp-json\/wp\/v2\/pages\/6027\/revisions\/6064"}],"wp:attachment":[{"href":"https:\/\/smconsulting.tn\/fr\/wp-json\/wp\/v2\/media?parent=6027"}],"curies":[{"name":"wp","href":"https:\/\/api.w.org\/{rel}","templated":true}]}}