{"id":6637,"date":"2025-05-17T11:15:38","date_gmt":"2025-05-17T09:15:38","guid":{"rendered":"https:\/\/smconsulting.tn\/fr\/?page_id=6637"},"modified":"2025-05-17T11:59:36","modified_gmt":"2025-05-17T09:59:36","slug":"mot-du-gerant","status":"publish","type":"page","link":"https:\/\/smconsulting.tn\/fr\/mot-du-gerant\/","title":{"rendered":"Mot du g\u00e9rant"},"content":{"rendered":"\t\t<div data-elementor-type=\"wp-page\" data-elementor-id=\"6637\" class=\"elementor elementor-6637\">\n\t\t\t\t<div class=\"elementor-element elementor-element-ea721d0 e-flex e-con-boxed e-con e-parent\" data-id=\"ea721d0\" data-element_type=\"container\">\n\t\t\t\t\t<div class=\"e-con-inner\">\n\t\t\t\t<div class=\"elementor-element elementor-element-463ef43 elementor-widget__width-inherit elementor-widget elementor-widget-ct_about_us\" data-id=\"463ef43\" data-element_type=\"widget\" data-widget_type=\"ct_about_us.default\">\n\t\t\t\t<div class=\"elementor-widget-container\">\n\t\t\t\t\t<div class=\"ct-about-us\">\r\n\t<div class=\"ct-about-left\">\r\n\t\t\t\t\t<div class=\"ct-about-imge\"><img fetchpriority=\"high\" decoding=\"async\" class=\"\" src=\"https:\/\/smconsulting.tn\/fr\/wp-content\/uploads\/2025\/05\/Samir_Photo-Profil-scaled-e1746876349744-306x306.jpeg\" width=\"306\" height=\"306\" alt=\"Samir_Photo Profil\" title=\"Samir_Photo Profil\" \/><\/div>\r\n\t\t\t<\/div>\r\n\t<div class=\"ct-about-right\">\r\n\t\t<div class=\"ct-about-holder\">\r\n\t        <div class=\"ct-about-subtitle\"><span>Mot du G\u00e9rant<\/span><\/div>\r\n\t        <h3 class=\"ct-about-title\">L\u2019excellence op\u00e9rationnelle commence par l\u2019humain, la rigueur et une vision strat\u00e9gique<\/h3>\r\n\t        <div class=\"ct-about-desc\"><\/div>\r\n\t        \t\t\t    <div class=\"ct-about-meta\">\r\n\t\t\t        \t\t\t            <div class=\"ct-box-item\">\r\n\t\t\t            \t<div class=\"ct-box-icon\">\r\n\t\t\t            \t\t\t\t\t\t\t                \t\t\t\t                    \t\t\t\t\t            \t\t\t            \t<\/div>\r\n\t\t\t            \t<div class=\"ct-box-content\">\r\n\t\t\t            \t\t<h5 class=\"ct-box-title\"><\/h5>\r\n\t\t\t\t            \t<div class=\"ct-box-desc\">\r\n\t\t\t\t            \t\t\t\t\t\t            \t<\/div>\r\n\t\t\t\t            <\/div>\r\n\t\t\t           <\/div>\r\n\t\t\t        \t\t\t    <\/div>\r\n\t\t\t\t    <\/div>\r\n\t<\/div>\r\n<\/div>\t\t\t\t<\/div>\n\t\t\t\t<\/div>\n\t\t\t\t\t<\/div>\n\t\t\t\t<\/div>\n\t\t<div class=\"elementor-element elementor-element-cf0d856 e-flex e-con-boxed e-con e-parent\" data-id=\"cf0d856\" data-element_type=\"container\">\n\t\t\t\t\t<div class=\"e-con-inner\">\n\t\t\t\t<div class=\"elementor-element elementor-element-6f1837a elementor-widget elementor-widget-ct_text_editor\" data-id=\"6f1837a\" data-element_type=\"widget\" data-widget_type=\"ct_text_editor.default\">\n\t\t\t\t<div class=\"elementor-widget-container\">\n\t\t\t\t\t<div id=\"ct_text_editor-6f1837a\" class=\"ct-text-editor \" data-wow-delay=\"ms\">\n\t<div class=\"ct-item--inner\">\n\t\t<div class=\"ct-inline-css\"  data-css=\"\n\t        \t\t\t\">\n\n\t    <\/div>\n\t\t<div class=\"ct-text-editor elementor-clearfix\">\n\t\t\t<h2><strong><span style=\"color: #0a4ba6\">Chers partenaires, clients et collaborateurs,<\/span><\/strong><\/h2><p><span style=\"font-weight: 400\">Chez\u00a0<\/span><b>SM Consulting<\/b><span style=\"font-weight: 400\">, nous croyons fermement que la r\u00e9ussite d\u2019une entreprise repose sur trois piliers fondamentaux :\u00a0<\/span><b>la comp\u00e9tence de ses \u00e9quipes, la ma\u00eetrise de ses processus et la clart\u00e9 de sa strat\u00e9gie<\/b><span style=\"font-weight: 400\">. C\u2019est pourquoi nous avons b\u00e2ti notre expertise autour de trois axes essentiels :<\/span><\/p>\t\t\n\t\t<\/div>\n\t<\/div>\n<\/div>\t\t\t\t<\/div>\n\t\t\t\t<\/div>\n\t\t\t\t\t<\/div>\n\t\t\t\t<\/div>\n\t\t<div class=\"elementor-element elementor-element-8f25627 e-flex e-con-boxed e-con e-parent\" data-id=\"8f25627\" data-element_type=\"container\">\n\t\t\t\t\t<div class=\"e-con-inner\">\n\t\t\t\t<div class=\"elementor-element elementor-element-dfcb109 elementor-widget__width-initial elementor-invisible elementor-widget elementor-widget-ct_title\" data-id=\"dfcb109\" data-element_type=\"widget\" data-settings=\"{&quot;_animation&quot;:&quot;slideInRight&quot;}\" data-widget_type=\"ct_title.default\">\n\t\t\t\t<div class=\"elementor-widget-container\">\n\t\t\t\t\t<div class=\"ct-title1 style1\">\r\n    <h3>\r\n    \t\t        <span>La Formation \u2013 Investir dans le Capital Humain<\/span>\r\n\t        <i><\/i>\r\n\t        <\/h3>\r\n<\/div>\t\t\t\t<\/div>\n\t\t\t\t<\/div>\n\t\t\t\t<div class=\"elementor-element elementor-element-9761225 elementor-widget elementor-widget-ct_text_editor\" data-id=\"9761225\" data-element_type=\"widget\" data-widget_type=\"ct_text_editor.default\">\n\t\t\t\t<div class=\"elementor-widget-container\">\n\t\t\t\t\t<div id=\"ct_text_editor-9761225\" class=\"ct-text-editor \" data-wow-delay=\"ms\">\n\t<div class=\"ct-item--inner\">\n\t\t<div class=\"ct-inline-css\"  data-css=\"\n\t        \t\t\t\">\n\n\t    <\/div>\n\t\t<div class=\"ct-text-editor elementor-clearfix\">\n\t\t\t<p><span style=\"font-weight: 400\">Une entreprise performante est avant tout une entreprise qui\u00a0<\/span><b>forme, motive et fait grandir ses talents<\/b><span style=\"font-weight: 400\">. Nos programmes de\u00a0<\/span><b>formation professionnelle<\/b><span style=\"font-weight: 400\">, con\u00e7us sur mesure, permettent \u00e0 vos \u00e9quipes d\u2019acqu\u00e9rir les comp\u00e9tences n\u00e9cessaires pour s\u2019adapter aux \u00e9volutions du march\u00e9 et exceller dans leurs missions.<\/span><\/p>\t\t\n\t\t<\/div>\n\t<\/div>\n<\/div>\t\t\t\t<\/div>\n\t\t\t\t<\/div>\n\t\t\t\t\t<\/div>\n\t\t\t\t<\/div>\n\t\t<div class=\"elementor-element elementor-element-f19d61d e-flex e-con-boxed e-con e-parent\" data-id=\"f19d61d\" data-element_type=\"container\">\n\t\t\t\t\t<div class=\"e-con-inner\">\n\t\t\t\t<div class=\"elementor-element elementor-element-eecce6c elementor-widget__width-initial elementor-invisible elementor-widget elementor-widget-ct_title\" data-id=\"eecce6c\" data-element_type=\"widget\" data-settings=\"{&quot;_animation&quot;:&quot;slideInRight&quot;}\" data-widget_type=\"ct_title.default\">\n\t\t\t\t<div class=\"elementor-widget-container\">\n\t\t\t\t\t<div class=\"ct-title1 style1\">\r\n    <h3>\r\n    \t\t        <span>L\u2019Audit \u2013 Mesurer pour Mieux Agir<\/span>\r\n\t        <i><\/i>\r\n\t        <\/h3>\r\n<\/div>\t\t\t\t<\/div>\n\t\t\t\t<\/div>\n\t\t\t\t<div class=\"elementor-element elementor-element-1e68320 elementor-widget elementor-widget-ct_text_editor\" data-id=\"1e68320\" data-element_type=\"widget\" data-widget_type=\"ct_text_editor.default\">\n\t\t\t\t<div class=\"elementor-widget-container\">\n\t\t\t\t\t<div id=\"ct_text_editor-1e68320\" class=\"ct-text-editor \" data-wow-delay=\"ms\">\n\t<div class=\"ct-item--inner\">\n\t\t<div class=\"ct-inline-css\"  data-css=\"\n\t        \t\t\t\">\n\n\t    <\/div>\n\t\t<div class=\"ct-text-editor elementor-clearfix\">\n\t\t\t<p>L\u2019<b>audit<\/b>\u00a0est le miroir de votre performance. Nos diagnostics approfondis vous offrent une vision claire de vos forces, faiblesses et opportunit\u00e9s d\u2019am\u00e9lioration. Gr\u00e2ce \u00e0 une approche\u00a0<b>rigoureuse et personnalis\u00e9e<\/b>, nous vous aidons \u00e0 optimiser vos processus et \u00e0 renforcer votre efficacit\u00e9 op\u00e9rationnelle.<\/p>\t\t\n\t\t<\/div>\n\t<\/div>\n<\/div>\t\t\t\t<\/div>\n\t\t\t\t<\/div>\n\t\t\t\t\t<\/div>\n\t\t\t\t<\/div>\n\t\t<div class=\"elementor-element elementor-element-53b2b69 e-flex e-con-boxed e-con e-parent\" data-id=\"53b2b69\" data-element_type=\"container\">\n\t\t\t\t\t<div class=\"e-con-inner\">\n\t\t\t\t<div class=\"elementor-element elementor-element-81c6a7a elementor-widget__width-initial elementor-invisible elementor-widget elementor-widget-ct_title\" data-id=\"81c6a7a\" data-element_type=\"widget\" data-settings=\"{&quot;_animation&quot;:&quot;slideInRight&quot;}\" data-widget_type=\"ct_title.default\">\n\t\t\t\t<div class=\"elementor-widget-container\">\n\t\t\t\t\t<div class=\"ct-title1 style1\">\r\n    <h3>\r\n    \t\t        <span>L\u2019Assistance & Conseil \u2013 Accompagner Votre Croissance<\/span>\r\n\t        <i><\/i>\r\n\t        <\/h3>\r\n<\/div>\t\t\t\t<\/div>\n\t\t\t\t<\/div>\n\t\t\t\t<div class=\"elementor-element elementor-element-b15356c elementor-widget elementor-widget-ct_text_editor\" data-id=\"b15356c\" data-element_type=\"widget\" data-widget_type=\"ct_text_editor.default\">\n\t\t\t\t<div class=\"elementor-widget-container\">\n\t\t\t\t\t<div id=\"ct_text_editor-b15356c\" class=\"ct-text-editor \" data-wow-delay=\"ms\">\n\t<div class=\"ct-item--inner\">\n\t\t<div class=\"ct-inline-css\"  data-css=\"\n\t        \t\t\t\">\n\n\t    <\/div>\n\t\t<div class=\"ct-text-editor elementor-clearfix\">\n\t\t\t<p>Notre r\u00f4le va au-del\u00e0 du diagnostic : nous sommes \u00e0 vos c\u00f4t\u00e9s pour\u00a0<b>traduire les constats en actions concr\u00e8tes<\/b>. Que ce soit par du\u00a0<b>conseil strat\u00e9gique<\/b>, un\u00a0<b>soutien op\u00e9rationnel<\/b>\u00a0ou une\u00a0<b>assistance sur mesure<\/b>, nous vous apportons l\u2019expertise et l\u2019agilit\u00e9 n\u00e9cessaires pour transformer vos ambitions en r\u00e9sultats durables.<\/p>\t\t\n\t\t<\/div>\n\t<\/div>\n<\/div>\t\t\t\t<\/div>\n\t\t\t\t<\/div>\n\t\t\t\t\t<\/div>\n\t\t\t\t<\/div>\n\t\t<div class=\"elementor-element elementor-element-6fc366f e-flex e-con-boxed e-con e-parent\" data-id=\"6fc366f\" data-element_type=\"container\" data-settings=\"{&quot;background_background&quot;:&quot;gradient&quot;}\">\n\t\t\t\t\t<div class=\"e-con-inner\">\n\t\t\t\t<div class=\"elementor-element elementor-element-32b9c1f elementor-widget elementor-widget-ct_text_editor\" data-id=\"32b9c1f\" data-element_type=\"widget\" data-widget_type=\"ct_text_editor.default\">\n\t\t\t\t<div class=\"elementor-widget-container\">\n\t\t\t\t\t<div id=\"ct_text_editor-32b9c1f\" class=\"ct-text-editor \" data-wow-delay=\"ms\">\n\t<div class=\"ct-item--inner\">\n\t\t<div class=\"ct-inline-css\"  data-css=\"\n\t        \t\t\t\">\n\n\t    <\/div>\n\t\t<div class=\"ct-text-editor elementor-clearfix\">\n\t\t\t<h6><span style=\"color: #ffffff\"><b>Notre engagement ?<\/b><\/span><\/h6><ul><li style=\"font-weight: 400\"><h6><span style=\"color: #ffffff\"><span style=\"font-weight: 400\">Vous proposer des solutions\u00a0<\/span><b>adapt\u00e9es \u00e0 vos enjeux<\/b><span style=\"font-weight: 400\">.<\/span><\/span><\/h6><\/li><li style=\"font-weight: 400\"><h6><span style=\"color: #ffffff\"><span style=\"font-weight: 400\">Vous accompagner avec\u00a0<\/span><b>r\u00e9activit\u00e9 et professionnalisme<\/b><span style=\"font-weight: 400\">.<\/span><\/span><\/h6><\/li><li style=\"font-weight: 400\"><h6><span style=\"color: #ffffff\"><span style=\"font-weight: 400\">Vous garantir un\u00a0<\/span><b>impact mesurable<\/b><span style=\"font-weight: 400\">\u00a0sur votre performance.<\/span><\/span><\/h6><\/li><\/ul><h6><span style=\"color: #ffffff\"><span style=\"font-weight: 400\">\u00c0 toutes les entreprises qui nous font confiance, je tiens \u00e0 dire\u00a0<\/span><b>merci<\/b><span style=\"font-weight: 400\">. Votre r\u00e9ussite est notre plus grande fiert\u00e9, et nous sommes d\u00e9termin\u00e9s \u00e0 rester votre partenaire de r\u00e9f\u00e9rence en\u00a0<\/span><b>formation, audit et assistance-conseil<\/b><span style=\"font-weight: 400\">.<\/span><\/span><\/h6><h6><span style=\"font-weight: 400;color: #ffffff\">N\u2019h\u00e9sitez pas \u00e0 nous contacter pour \u00e9changer sur vos besoins. Ensemble, b\u00e2tissons l\u2019avenir de votre organisation.<\/span><\/h6><h6 style=\"text-align: center\"><span style=\"color: #ccffff\"><b>Cordialement,<\/b><span style=\"font-weight: 400\"><br \/><\/span><b>Samir JLASSI MOUSSA<\/b><span style=\"font-weight: 400\"><br \/><\/span><b>G\u00e9rant \u2013 SM Consulting<\/b><\/span><\/h6>\t\t\n\t\t<\/div>\n\t<\/div>\n<\/div>\t\t\t\t<\/div>\n\t\t\t\t<\/div>\n\t\t\t\t\t<\/div>\n\t\t\t\t<\/div>\n\t\t\t\t<\/div>\n\t\t","protected":false},"excerpt":{"rendered":"<p>Mot du G\u00e9rant L\u2019excellence op\u00e9rationnelle commence par l\u2019humain, la rigueur et une vision strat\u00e9gique Chers partenaires, clients et collaborateurs, Chez\u00a0SM Consulting, nous croyons fermement que la r\u00e9ussite d\u2019une entreprise repose sur trois piliers fondamentaux :\u00a0la comp\u00e9tence de ses \u00e9quipes, la ma\u00eetrise de ses processus et la clart\u00e9 de sa strat\u00e9gie. C\u2019est pourquoi nous avons b\u00e2ti [&hellip;]<\/p>\n","protected":false},"author":1,"featured_media":0,"parent":0,"menu_order":0,"comment_status":"closed","ping_status":"closed","template":"","meta":{"_seopress_robots_primary_cat":"","_seopress_titles_title":"","_seopress_titles_desc":"","_seopress_robots_index":"","footnotes":""},"class_list":["post-6637","page","type-page","status-publish","hentry"],"_links":{"self":[{"href":"https:\/\/smconsulting.tn\/fr\/wp-json\/wp\/v2\/pages\/6637","targetHints":{"allow":["GET"]}}],"collection":[{"href":"https:\/\/smconsulting.tn\/fr\/wp-json\/wp\/v2\/pages"}],"about":[{"href":"https:\/\/smconsulting.tn\/fr\/wp-json\/wp\/v2\/types\/page"}],"author":[{"embeddable":true,"href":"https:\/\/smconsulting.tn\/fr\/wp-json\/wp\/v2\/users\/1"}],"replies":[{"embeddable":true,"href":"https:\/\/smconsulting.tn\/fr\/wp-json\/wp\/v2\/comments?post=6637"}],"version-history":[{"count":40,"href":"https:\/\/smconsulting.tn\/fr\/wp-json\/wp\/v2\/pages\/6637\/revisions"}],"predecessor-version":[{"id":6691,"href":"https:\/\/smconsulting.tn\/fr\/wp-json\/wp\/v2\/pages\/6637\/revisions\/6691"}],"wp:attachment":[{"href":"https:\/\/smconsulting.tn\/fr\/wp-json\/wp\/v2\/media?parent=6637"}],"curies":[{"name":"wp","href":"https:\/\/api.w.org\/{rel}","templated":true}]}}