{"id":6832,"date":"2025-05-17T14:47:38","date_gmt":"2025-05-17T12:47:38","guid":{"rendered":"https:\/\/smconsulting.tn\/fr\/?page_id=6832"},"modified":"2025-05-17T14:49:14","modified_gmt":"2025-05-17T12:49:14","slug":"audit-et-assistance","status":"publish","type":"page","link":"https:\/\/smconsulting.tn\/fr\/audit-et-assistance\/","title":{"rendered":"Audit et assistance"},"content":{"rendered":"<p><b>1 assistance manag\u00e9riale<\/b><\/p>\n<ul>\n<li aria-level=\"1\"><b>Mise en place de syst\u00e8me de Management\u00a0 (ISO9001, ISO14001, ISO45001, int\u00e9gr\u00e9, ISO27001, ISO21001, ISO 50001, ISO13085, ISO22000, ISO22716, ISO17020, \u2026)<\/b><\/li>\n<\/ul>\n<ul>\n<li aria-level=\"1\"><b>Assistance Sociale et RSE (BSCI, SMETA, \u2026)<\/b><\/li>\n<\/ul>\n<p><b>2 Assistance Op\u00e9rationnel\u00a0<\/b><\/p>\n<ul>\n<li aria-level=\"1\"><b>Assistance environnementale (calcul de bilan et empreinte carbone, Etude d\u2019impact, \u00e9tude des aspects environnementaux, gestion des d\u00e9chets \u2026)<\/b><\/li>\n<\/ul>\n<ul>\n<li aria-level=\"1\"><b>Assistance \u00e9nerg\u00e9tique (performance \u00e9nerg\u00e9tique, mise en place de syst\u00e8me de Management d\u2019\u00e9nergie \u2026)<\/b><\/li>\n<\/ul>\n<ul>\n<li aria-level=\"1\"><b>Assistance en SST (\u00e9tude de dangers et POI, \u00e9tablissement plan d\u2019\u00e9vacuation, <\/b><span style=\"font-weight: 400;\">\u00e9tudes d&#8217;ergonomie des postes de travail, \u00e9tude de la s\u00e9curit\u00e9 des \u00e9quipements, \u2026.)<\/span><\/li>\n<\/ul>\n<ul>\n<li aria-level=\"1\"><b>Am\u00e9lioration des performances (LEAN, 5S, SMED, \u2026)<\/b><\/li>\n<\/ul>\n<p><b>3-Audit<\/b><\/p>\n<ul>\n<li aria-level=\"1\"><b>Audit Diagnostic<\/b><\/li>\n<\/ul>\n<ul>\n<li aria-level=\"1\"><b>Audit Interne\u00a0<\/b><\/li>\n<\/ul>\n<ul>\n<li aria-level=\"1\"><b>Audit Second Partie\u00a0<\/b><\/li>\n<\/ul>\n<ul>\n<li aria-level=\"1\"><b>Formation et accompagnement d\u2019\u00e9quipe d\u2019audit interne\u00a0<\/b><\/li>\n<\/ul>\n<ul>\n<li aria-level=\"1\"><b>\u00a0Demander un audit (formulaire demande devis )<\/b><\/li>\n<\/ul>\n<p><b>4-Sources de financement\u00a0<\/b><\/p>\n<ul>\n<li aria-level=\"1\"><b>projet de mise \u00e0 niveau,\u00a0<\/b><\/li>\n<\/ul>\n<ul>\n<li aria-level=\"1\"><b>BERD, <\/b><\/li>\n<\/ul>\n<p>&nbsp;<\/p>\n","protected":false},"excerpt":{"rendered":"<p>1 assistance manag\u00e9riale Mise en place de syst\u00e8me de Management\u00a0 (ISO9001, ISO14001, ISO45001, int\u00e9gr\u00e9, ISO27001, ISO21001, ISO 50001, ISO13085, ISO22000, ISO22716, ISO17020, \u2026) Assistance Sociale et RSE (BSCI, SMETA, \u2026) 2 Assistance Op\u00e9rationnel\u00a0 Assistance environnementale (calcul de bilan et empreinte carbone, Etude d\u2019impact, \u00e9tude des aspects environnementaux, gestion des d\u00e9chets \u2026) Assistance \u00e9nerg\u00e9tique (performance \u00e9nerg\u00e9tique, [&hellip;]<\/p>\n","protected":false},"author":1,"featured_media":0,"parent":0,"menu_order":0,"comment_status":"closed","ping_status":"closed","template":"","meta":{"_seopress_robots_primary_cat":"","_seopress_titles_title":"","_seopress_titles_desc":"","_seopress_robots_index":"","footnotes":""},"class_list":["post-6832","page","type-page","status-publish","hentry"],"_links":{"self":[{"href":"https:\/\/smconsulting.tn\/fr\/wp-json\/wp\/v2\/pages\/6832","targetHints":{"allow":["GET"]}}],"collection":[{"href":"https:\/\/smconsulting.tn\/fr\/wp-json\/wp\/v2\/pages"}],"about":[{"href":"https:\/\/smconsulting.tn\/fr\/wp-json\/wp\/v2\/types\/page"}],"author":[{"embeddable":true,"href":"https:\/\/smconsulting.tn\/fr\/wp-json\/wp\/v2\/users\/1"}],"replies":[{"embeddable":true,"href":"https:\/\/smconsulting.tn\/fr\/wp-json\/wp\/v2\/comments?post=6832"}],"version-history":[{"count":2,"href":"https:\/\/smconsulting.tn\/fr\/wp-json\/wp\/v2\/pages\/6832\/revisions"}],"predecessor-version":[{"id":6837,"href":"https:\/\/smconsulting.tn\/fr\/wp-json\/wp\/v2\/pages\/6832\/revisions\/6837"}],"wp:attachment":[{"href":"https:\/\/smconsulting.tn\/fr\/wp-json\/wp\/v2\/media?parent=6832"}],"curies":[{"name":"wp","href":"https:\/\/api.w.org\/{rel}","templated":true}]}}